{"id":19001,"date":"2023-06-05T16:20:13","date_gmt":"2023-06-05T16:20:13","guid":{"rendered":"https:\/\/lnobrerealestate.pt\/politica-privacidade\/"},"modified":"2023-11-06T15:54:32","modified_gmt":"2023-11-06T15:54:32","slug":"politica-privacidade","status":"publish","type":"page","link":"https:\/\/lnobrerealestate.pt\/en\/politica-privacidade\/","title":{"rendered":"Privacy Policy and Protection of Personal Data"},"content":{"rendered":"\t\t<div data-elementor-type=\"wp-page\" data-elementor-id=\"19001\" class=\"elementor elementor-19001 elementor-3\" data-elementor-post-type=\"page\">\n\t\t\t\t\t\t<section class=\"elementor-section elementor-top-section elementor-element elementor-element-4f625277 elementor-section-boxed elementor-section-height-default elementor-section-height-default\" data-id=\"4f625277\" data-element_type=\"section\" data-e-type=\"section\">\n\t\t\t\t\t\t<div class=\"elementor-container elementor-column-gap-default\">\n\t\t\t\t\t<div class=\"elementor-column elementor-col-100 elementor-top-column elementor-element elementor-element-14c2566f\" data-id=\"14c2566f\" data-element_type=\"column\" data-e-type=\"column\">\n\t\t\t<div class=\"elementor-widget-wrap elementor-element-populated\">\n\t\t\t\t\t\t<div class=\"elementor-element elementor-element-a62a1d7 elementor-widget elementor-widget-houzez_elementor_section_title\" data-id=\"a62a1d7\" data-element_type=\"widget\" data-e-type=\"widget\" data-widget_type=\"houzez_elementor_section_title.default\">\n\t\t\t\t<div class=\"elementor-widget-container\">\n\t\t\t\t\t            <div class=\"houzez_section_title_wrap section-title-module\">\n                                    <h2 class=\"houzez_section_title\">Privacy Policy and Protection of Personal Data<\/h2>\n                \n                            <\/div>\n            \t\t\t\t<\/div>\n\t\t\t\t<\/div>\n\t\t\t\t<div class=\"elementor-element elementor-element-44306d38 elementor-widget elementor-widget-text-editor\" data-id=\"44306d38\" data-element_type=\"widget\" data-e-type=\"widget\" data-widget_type=\"text-editor.default\">\n\t\t\t\t<div class=\"elementor-widget-container\">\n\t\t\t\t\t\t\t\t\t<p>For LiliNobre Media\u00e7\u00e3o Imobili\u00e1ria, the confidentiality and integrity of the personal data of its associates, partners or private customers is something very important. Data will always be used in accordance with the <em>General Data Protection Regulation <\/em>(Regulation (EU) 2016\/679 of the European Parliament and of the Council of 27 April 2016) on the protection of natural persons with regard to the processing of personal data and on the free movement of such data.<\/p><p>This <strong>Privacy Policy and Protection of Personal Data <\/strong>aims to inform you how your personal data is used, how it can be updated, managed or deleted, as well as the ways to contact those responsible for its processing.<\/p><p>ANFAJE&#8217;s website address is: <a href=\"mailto:geral@lnobrerealestate.pt\">geral@lnobrerealestate.pt<\/a>\u00a0.<\/p><h4><strong>\u00a0<\/strong><\/h4><p><strong>PURPOSE OF PERSONAL DATA COLLECTED BY LiliNobre Media\u00e7\u00e3o Imobili\u00e1ria<\/strong><\/p><p>The data collected is treated and processed under the terms approved by the Portuguese Data Protection Authority (CNPD). LiliNobre Media\u00e7\u00e3o Imobili\u00e1ria requires the owner of the personal data to freely and explicitly consent to the processing of these data in order to receive the newsletter, to register for an event organized by LiliNobre Media\u00e7\u00e3o Imobili\u00e1ria and to access the Members Area (exclusively for members).<\/p><p>The personal data entered into the Event Registration Form, in particular your name and e-mail address, will be stored by LiliNobre Media\u00e7\u00e3o Imobili\u00e1ria for future event documentation, the quarterly newsletter and invitations to other future events. The e-mail address will also be retained by LiliNobre Media\u00e7\u00e3o Imobili\u00e1ria for future mailing of relevant communications &#8230;<\/p><p><strong><br \/>FORM OF PROTECTION OF PERSONAL DATA<\/strong><\/p><p>Despite the risks involved in the circulation of data, such as unauthorised access, misappropriation, misuse, loss and alteration, LiliNobre Media\u00e7\u00e3o Imobili\u00e1ria has internal measures in place to circumvent such risks, without prejudice to the fallibility of Internet security measures or other tools by LiliNobre Media\u00e7\u00e3o Imobili\u00e1ria.<\/p><p>The following data protection measures stand out:<\/p><p>&#8211; Storage in a protected server, used and accessed exclusively in accordance with the security policies and standards defined internally;<\/p><p>&#8211; Data encryption and security of the applications that process them;<\/p><p>&#8211; Restricted and limited access to personal data, according to the needs arising from LiliNobre Media\u00e7\u00e3o Imobili\u00e1ria activity;<\/p><p>&#8211; Authentication tools in the software used.<\/p><p>Personal data shall be kept only for as long as is necessary for the purpose for which it was collected or, at the request of the respective holder, after which time it shall be deleted.<\/p><p>In cases where there is a legal requirement concerning the period of data retention, the right to erasure can only be exercised after this period has elapsed.<\/p><p>\u00a0<\/p><p><strong>RIGHTS OF THE PERSONAL DATA SUBJECT<\/strong><\/p><p>The data subject may ask LiliNobre Media\u00e7\u00e3o Imobili\u00e1ria for access, rectification or erasure of their data, as well as limitation or portability to other entities.<\/p><p>This request should be sent to the e-mail address: <a href=\"mailto:geral@lnobrerealestate.pt\">geral@lnobrerealestate.pt<\/a>. However, LiliNobre Media\u00e7\u00e3o Imobili\u00e1ria reserves the right not to execute the request, informing the holder of the personal data of the respective reasons.<\/p><p>The holder of personal data has the right to lodge a complaint or exposure, with the Control Authority in Portugal, the National Commission for Data Protection (CNPD).<br \/><br \/><\/p><p><strong>TRANSMISSION OF PERSONAL DATA TO THIRD PARTIES<\/strong><\/p><p>In compliance with the General Data Protection Regulation and after prior consent of the holders of personal data, LiliNobre Media\u00e7\u00e3o Imobili\u00e1ria may transmit them to third parties, in accordance with the definition in number 10 of Article 4 of the RGPD, in compliance with legal, regulatory, pre-contractual or contractual duties, namely the authorities of a public nature responsible for control and audit attributions and\/or to partners of activities, projects or services.<\/p><p>Data from the Reserved Area for Members is not shared with other entities.<\/p><p>The site administrators can view and edit the information in the Reserved Area for Members, since the access password is generated by the association itself. If the Associate makes the change of the password that was assigned to him the same is encrypted in backoffice thus becoming known only to himself.<br \/><br \/><\/p><p><strong>ANALYTICAL INFORMATION COLLECTED THROUGH OTHER TECHNICAL MEANS<\/strong><\/p><p>LiliNobre Media\u00e7\u00e3o Imobili\u00e1ria uses <em>Google Analytics in order to <\/em>monitor and collect statistical information regarding the overall use of theLiliNobre Media\u00e7\u00e3o Imobili\u00e1ria Website, including demographic and geographic information, information regarding the type of browser and operating systems used, behaviour on the Website, dates and times of access to the Website.<\/p><p>The data used for this purpose does not contain personally identifiable information or private information AND any personal data that could identify you individually in relation to your use of the Website is not stored.<br \/><br \/><\/p><p><strong>PERSON RESPONSIBLE FOR PROCESSING PERSONAL DATA<\/strong><\/p><p>LiliNobre Media\u00e7\u00e3o Imobili\u00e1ria is responsible for the collection, processing, storage and\/or deletion of personal data of its associates, partners or private customers.<\/p><p>Any questions regarding the use of your personal data should be submitted to the e-mail address <a href=\"mailto:geral@lnobrerealestate.pt\">geral@lnobrerealestate.pt<\/a> or by letter addressed to LiliNobre Media\u00e7\u00e3o Imobili\u00e1ria at the following address: &#8230;<\/p><p>In the fulfilment of its responsibilities, and according to the terms and deadlines provided in Article 33 of the General Data Protection Regulation (RGPD), LiliNobre Media\u00e7\u00e3o Imobili\u00e1ria shall notify the National Data Protection Commission (CNPD), whenever it becomes aware of any personal data breach event, as defined in number 12 of Article 4 of the RGPD.<\/p><p>LiliNobre Media\u00e7\u00e3o Imobili\u00e1ria is committed to:<\/p><p>&#8211; To process data lawfully and fairly, gathering only the information that is relevant and necessary for the purpose for which it is intended;<\/p><p>&#8211; Not to use the data collected for purposes incompatible with those of collection;<\/p><p>&#8211; Ensure, where required, that the data subject&#8217;s express consent is obtained;<\/p><p>&#8211; Allowing the data subject access to and amendment of personal information;<\/p><p>&#8211; Upon request by the data subject, to ensure free of charge the right to erase the data used;<\/p><p>&#8211; Respect professional secrecy with regard to the information handled;<\/p><p>&#8211; Keeping the data accurate and, where necessary, updating it;<\/p><p>&#8211; Ensure security systems that prevent consultation, modification, destruction or addition of the data by unauthorised persons;<\/p><p>&#8211; Do not sell, loan or otherwise commercialise personal information collected online or offline;<\/p><p>&#8211; Not share personal data with other persons\/entities, except as provided in clause 4 &#8220;Transmission of personal data to third parties&#8221;, unless requested, by the holder of the personal data, not to share such data.<\/p><p><strong><br \/>FINAL PROVISIONS<\/strong><\/p><p>This document is available in an accessible area of the LiliNobre Media\u00e7\u00e3o Imobili\u00e1ria Website. LiliNobre Media\u00e7\u00e3o Imobili\u00e1ria can, without prior notice, change this Policy due to the need to adapt it to any legislative changes or to the recommendations of the CNPD.<\/p>\t\t\t\t\t\t\t\t<\/div>\n\t\t\t\t<\/div>\n\t\t\t\t\t<\/div>\n\t\t<\/div>\n\t\t\t\t\t<\/div>\n\t\t<\/section>\n\t\t\t\t<\/div>\n\t\t","protected":false},"excerpt":{"rendered":"<p>Privacy Policy and Protection of Personal Data For LiliNobre Media\u00e7\u00e3o Imobili\u00e1ria, the confidentiality and integrity of the personal data of its associates, partners or private customers is something very important. Data will always be used in accordance with the General Data Protection Regulation (Regulation (EU) 2016\/679 of the European Parliament and of the Council of [&hellip;]<\/p>\n","protected":false},"author":1,"featured_media":0,"parent":0,"menu_order":0,"comment_status":"closed","ping_status":"open","template":"elementor_header_footer","meta":{"_monsterinsights_skip_tracking":false,"_monsterinsights_sitenote_active":false,"_monsterinsights_sitenote_note":"","_monsterinsights_sitenote_category":0,"footnotes":""},"class_list":["post-19001","page","type-page","status-publish","hentry"],"yoast_head":"<!-- This site is optimized with the Yoast SEO plugin v27.2 - https:\/\/yoast.com\/product\/yoast-seo-wordpress\/ -->\n<title>Privacy Policy and Protection of Personal Data - Lili Nobre<\/title>\n<meta name=\"robots\" content=\"index, follow, max-snippet:-1, max-image-preview:large, max-video-preview:-1\" \/>\n<link rel=\"canonical\" href=\"https:\/\/lnobrerealestate.pt\/en\/politica-privacidade\/\" \/>\n<meta property=\"og:locale\" content=\"en_US\" \/>\n<meta property=\"og:type\" content=\"article\" \/>\n<meta property=\"og:title\" content=\"Privacy Policy and Protection of Personal Data - Lili Nobre\" \/>\n<meta property=\"og:description\" content=\"Privacy Policy and Protection of Personal Data For LiliNobre Media\u00e7\u00e3o Imobili\u00e1ria, the confidentiality and integrity of the personal data of its associates, partners or private customers is something very important. Data will always be used in accordance with the General Data Protection Regulation (Regulation (EU) 2016\/679 of the European Parliament and of the Council of [&hellip;]\" \/>\n<meta property=\"og:url\" content=\"https:\/\/lnobrerealestate.pt\/en\/politica-privacidade\/\" \/>\n<meta property=\"og:site_name\" content=\"Lili Nobre\" \/>\n<meta property=\"article:publisher\" content=\"https:\/\/www.facebook.com\/Lilinobremediacaoimobiliaria\" \/>\n<meta property=\"article:modified_time\" content=\"2023-11-06T15:54:32+00:00\" \/>\n<meta name=\"twitter:card\" content=\"summary_large_image\" \/>\n<meta name=\"twitter:label1\" content=\"Est. reading time\" \/>\n\t<meta name=\"twitter:data1\" content=\"5 minutes\" \/>\n<script type=\"application\/ld+json\" class=\"yoast-schema-graph\">{\"@context\":\"https:\/\/schema.org\",\"@graph\":[{\"@type\":\"WebPage\",\"@id\":\"https:\/\/lnobrerealestate.pt\/en\/politica-privacidade\/\",\"url\":\"https:\/\/lnobrerealestate.pt\/en\/politica-privacidade\/\",\"name\":\"Privacy Policy and Protection of Personal Data - Lili Nobre\",\"isPartOf\":{\"@id\":\"https:\/\/lnobrerealestate.pt\/en\/#website\"},\"datePublished\":\"2023-06-05T16:20:13+00:00\",\"dateModified\":\"2023-11-06T15:54:32+00:00\",\"breadcrumb\":{\"@id\":\"https:\/\/lnobrerealestate.pt\/en\/politica-privacidade\/#breadcrumb\"},\"inLanguage\":\"en-US\",\"potentialAction\":[{\"@type\":\"ReadAction\",\"target\":[\"https:\/\/lnobrerealestate.pt\/en\/politica-privacidade\/\"]}]},{\"@type\":\"BreadcrumbList\",\"@id\":\"https:\/\/lnobrerealestate.pt\/en\/politica-privacidade\/#breadcrumb\",\"itemListElement\":[{\"@type\":\"ListItem\",\"position\":1,\"name\":\"In\u00edcio\",\"item\":\"https:\/\/lnobrerealestate.pt\/en\/home-default\/\"},{\"@type\":\"ListItem\",\"position\":2,\"name\":\"Privacy Policy and Protection of Personal Data\"}]},{\"@type\":\"WebSite\",\"@id\":\"https:\/\/lnobrerealestate.pt\/en\/#website\",\"url\":\"https:\/\/lnobrerealestate.pt\/en\/\",\"name\":\"Lili Nobre Imobili\u00e1rio\",\"description\":\"Ag\u00eancia Imobli\u00e1ria - Renting and selling properties in the Algarve\",\"potentialAction\":[{\"@type\":\"SearchAction\",\"target\":{\"@type\":\"EntryPoint\",\"urlTemplate\":\"https:\/\/lnobrerealestate.pt\/en\/?s={search_term_string}\"},\"query-input\":{\"@type\":\"PropertyValueSpecification\",\"valueRequired\":true,\"valueName\":\"search_term_string\"}}],\"inLanguage\":\"en-US\"}]}<\/script>\n<!-- \/ Yoast SEO plugin. -->","yoast_head_json":{"title":"Privacy Policy and Protection of Personal Data - Lili Nobre","robots":{"index":"index","follow":"follow","max-snippet":"max-snippet:-1","max-image-preview":"max-image-preview:large","max-video-preview":"max-video-preview:-1"},"canonical":"https:\/\/lnobrerealestate.pt\/en\/politica-privacidade\/","og_locale":"en_US","og_type":"article","og_title":"Privacy Policy and Protection of Personal Data - Lili Nobre","og_description":"Privacy Policy and Protection of Personal Data For LiliNobre Media\u00e7\u00e3o Imobili\u00e1ria, the confidentiality and integrity of the personal data of its associates, partners or private customers is something very important. Data will always be used in accordance with the General Data Protection Regulation (Regulation (EU) 2016\/679 of the European Parliament and of the Council of [&hellip;]","og_url":"https:\/\/lnobrerealestate.pt\/en\/politica-privacidade\/","og_site_name":"Lili Nobre","article_publisher":"https:\/\/www.facebook.com\/Lilinobremediacaoimobiliaria","article_modified_time":"2023-11-06T15:54:32+00:00","twitter_card":"summary_large_image","twitter_misc":{"Est. reading time":"5 minutes"},"schema":{"@context":"https:\/\/schema.org","@graph":[{"@type":"WebPage","@id":"https:\/\/lnobrerealestate.pt\/en\/politica-privacidade\/","url":"https:\/\/lnobrerealestate.pt\/en\/politica-privacidade\/","name":"Privacy Policy and Protection of Personal Data - Lili Nobre","isPartOf":{"@id":"https:\/\/lnobrerealestate.pt\/en\/#website"},"datePublished":"2023-06-05T16:20:13+00:00","dateModified":"2023-11-06T15:54:32+00:00","breadcrumb":{"@id":"https:\/\/lnobrerealestate.pt\/en\/politica-privacidade\/#breadcrumb"},"inLanguage":"en-US","potentialAction":[{"@type":"ReadAction","target":["https:\/\/lnobrerealestate.pt\/en\/politica-privacidade\/"]}]},{"@type":"BreadcrumbList","@id":"https:\/\/lnobrerealestate.pt\/en\/politica-privacidade\/#breadcrumb","itemListElement":[{"@type":"ListItem","position":1,"name":"In\u00edcio","item":"https:\/\/lnobrerealestate.pt\/en\/home-default\/"},{"@type":"ListItem","position":2,"name":"Privacy Policy and Protection of Personal Data"}]},{"@type":"WebSite","@id":"https:\/\/lnobrerealestate.pt\/en\/#website","url":"https:\/\/lnobrerealestate.pt\/en\/","name":"Lili Nobre Imobili\u00e1rio","description":"Ag\u00eancia Imobli\u00e1ria - Renting and selling properties in the Algarve","potentialAction":[{"@type":"SearchAction","target":{"@type":"EntryPoint","urlTemplate":"https:\/\/lnobrerealestate.pt\/en\/?s={search_term_string}"},"query-input":{"@type":"PropertyValueSpecification","valueRequired":true,"valueName":"search_term_string"}}],"inLanguage":"en-US"}]}},"_links":{"self":[{"href":"https:\/\/lnobrerealestate.pt\/en\/wp-json\/wp\/v2\/pages\/19001","targetHints":{"allow":["GET"]}}],"collection":[{"href":"https:\/\/lnobrerealestate.pt\/en\/wp-json\/wp\/v2\/pages"}],"about":[{"href":"https:\/\/lnobrerealestate.pt\/en\/wp-json\/wp\/v2\/types\/page"}],"author":[{"embeddable":true,"href":"https:\/\/lnobrerealestate.pt\/en\/wp-json\/wp\/v2\/users\/1"}],"replies":[{"embeddable":true,"href":"https:\/\/lnobrerealestate.pt\/en\/wp-json\/wp\/v2\/comments?post=19001"}],"version-history":[{"count":5,"href":"https:\/\/lnobrerealestate.pt\/en\/wp-json\/wp\/v2\/pages\/19001\/revisions"}],"predecessor-version":[{"id":19011,"href":"https:\/\/lnobrerealestate.pt\/en\/wp-json\/wp\/v2\/pages\/19001\/revisions\/19011"}],"wp:attachment":[{"href":"https:\/\/lnobrerealestate.pt\/en\/wp-json\/wp\/v2\/media?parent=19001"}],"curies":[{"name":"wp","href":"https:\/\/api.w.org\/{rel}","templated":true}]}}