{"id":18769,"date":"2023-06-07T15:37:07","date_gmt":"2023-06-07T15:37:07","guid":{"rendered":"https:\/\/lnobrerealestate.pt\/programa-visto-dourado\/"},"modified":"2023-10-31T17:15:51","modified_gmt":"2023-10-31T17:15:51","slug":"golden-visa-programme","status":"publish","type":"page","link":"https:\/\/lnobrerealestate.pt\/en\/golden-visa-programme\/","title":{"rendered":"Golden Visa Programme"},"content":{"rendered":"\t\t<div data-elementor-type=\"wp-page\" data-elementor-id=\"18769\" class=\"elementor elementor-18769 elementor-17734\" data-elementor-post-type=\"page\">\n\t\t\t\t\t\t<section class=\"elementor-section elementor-top-section elementor-element elementor-element-ae73241 elementor-section-height-min-height elementor-section-boxed elementor-section-height-default elementor-section-items-middle\" data-id=\"ae73241\" data-element_type=\"section\" data-e-type=\"section\" data-settings=\"{&quot;background_background&quot;:&quot;classic&quot;}\">\n\t\t\t\t\t\t<div class=\"elementor-container elementor-column-gap-default\">\n\t\t\t\t\t<div class=\"elementor-column elementor-col-100 elementor-top-column elementor-element elementor-element-94f89c2\" data-id=\"94f89c2\" data-element_type=\"column\" data-e-type=\"column\">\n\t\t\t<div class=\"elementor-widget-wrap\">\n\t\t\t\t\t\t\t<\/div>\n\t\t<\/div>\n\t\t\t\t\t<\/div>\n\t\t<\/section>\n\t\t\t\t<section class=\"elementor-section elementor-top-section elementor-element elementor-element-1d3302c elementor-section-boxed elementor-section-height-default elementor-section-height-default\" data-id=\"1d3302c\" data-element_type=\"section\" data-e-type=\"section\">\n\t\t\t\t\t\t<div class=\"elementor-container elementor-column-gap-default\">\n\t\t\t\t\t<div class=\"elementor-column elementor-col-100 elementor-top-column elementor-element elementor-element-934e08a\" data-id=\"934e08a\" data-element_type=\"column\" data-e-type=\"column\">\n\t\t\t<div class=\"elementor-widget-wrap elementor-element-populated\">\n\t\t\t\t\t\t<div class=\"elementor-element elementor-element-13f5936 elementor-widget elementor-widget-houzez_elementor_section_title\" data-id=\"13f5936\" data-element_type=\"widget\" data-e-type=\"widget\" data-widget_type=\"houzez_elementor_section_title.default\">\n\t\t\t\t<div class=\"elementor-widget-container\">\n\t\t\t\t\t            <div class=\"houzez_section_title_wrap section-title-module\">\n                                    <h2 class=\"houzez_section_title\">Golden Visa Programme<\/h2>\n                \n                            <\/div>\n            \t\t\t\t<\/div>\n\t\t\t\t<\/div>\n\t\t\t\t<section class=\"elementor-section elementor-inner-section elementor-element elementor-element-4441f56 elementor-section-boxed elementor-section-height-default elementor-section-height-default\" data-id=\"4441f56\" data-element_type=\"section\" data-e-type=\"section\">\n\t\t\t\t\t\t<div class=\"elementor-container elementor-column-gap-default\">\n\t\t\t\t\t<div class=\"elementor-column elementor-col-66 elementor-inner-column elementor-element elementor-element-eaae318\" data-id=\"eaae318\" data-element_type=\"column\" data-e-type=\"column\">\n\t\t\t<div class=\"elementor-widget-wrap elementor-element-populated\">\n\t\t\t\t\t\t<div class=\"elementor-element elementor-element-da342a1 elementor-widget elementor-widget-text-editor\" data-id=\"da342a1\" data-element_type=\"widget\" data-e-type=\"widget\" data-widget_type=\"text-editor.default\">\n\t\t\t\t<div class=\"elementor-widget-container\">\n\t\t\t\t\t\t\t\t\t<p>The\u00a0<strong>Golden Visa Programme<\/strong>\u00a0offers non-European citizens a\u00a0<strong>simple<\/strong>\u00a0and\u00a0<strong>fast<\/strong>\u00a0way to obtain a<strong>\u00a0five-year residence permit<\/strong>\u00a0and the possibility of applying for Portuguese nationality and, consequently, a European passport in the 6th year.\u00a0<strong>The Golden Visa<\/strong>\u00a0allows free movement in the Schengen area and is a great opportunity for third-country nationals to buy\u00a0<strong>holiday homes<\/strong>, make\u00a0<strong>financial investments<\/strong>, establish their businesses in the EU or just move to a country known for the<strong>\u00a0excellent quality of life<\/strong>, beautiful beaches, great weather, and its magnificent history and culture.<\/p><p><b>Obtaining a Residence Permit in Portugal for Investment Activity (ARI):<\/b><\/p><p>The current legal provisions open the possibility for foreign investors to apply for a residence permit for investment activity, to whom they have regular entry into the national territory (holders of valid Schengen visas or visa-free beneficiaries), by means of capital transfers, job creation or real estate purchase.<\/p><p><b>Who can apply?<\/b><br \/>The legislation is revoked and the investor can choose one of the following investment activities to obtain a residence permit:<\/p>\t\t\t\t\t\t\t\t<\/div>\n\t\t\t\t<\/div>\n\t\t\t\t\t<\/div>\n\t\t<\/div>\n\t\t\t\t<div class=\"elementor-column elementor-col-33 elementor-inner-column elementor-element elementor-element-25569aa\" data-id=\"25569aa\" data-element_type=\"column\" data-e-type=\"column\">\n\t\t\t<div class=\"elementor-widget-wrap elementor-element-populated\">\n\t\t\t\t\t\t<div class=\"elementor-element elementor-element-8619759 elementor-widget elementor-widget-image\" data-id=\"8619759\" data-element_type=\"widget\" data-e-type=\"widget\" data-widget_type=\"image.default\">\n\t\t\t\t<div class=\"elementor-widget-container\">\n\t\t\t\t\t\t\t\t\t\t\t\t\t\t\t<img fetchpriority=\"high\" decoding=\"async\" width=\"350\" height=\"450\" src=\"https:\/\/lnobrerealestate.pt\/wp-content\/uploads\/2023\/06\/programa-vistos-gold.webp\" class=\"attachment-large size-large wp-image-18696\" alt=\"\" srcset=\"https:\/\/lnobrerealestate.pt\/wp-content\/uploads\/2023\/06\/programa-vistos-gold.webp 350w, https:\/\/lnobrerealestate.pt\/wp-content\/uploads\/2023\/06\/programa-vistos-gold-233x300.webp 233w\" sizes=\"(max-width: 350px) 100vw, 350px\" \/>\t\t\t\t\t\t\t\t\t\t\t\t\t\t\t<\/div>\n\t\t\t\t<\/div>\n\t\t\t\t\t<\/div>\n\t\t<\/div>\n\t\t\t\t\t<\/div>\n\t\t<\/section>\n\t\t\t\t<div class=\"elementor-element elementor-element-c62eb50 elementor-icon-list--layout-traditional elementor-list-item-link-full_width elementor-widget elementor-widget-icon-list\" data-id=\"c62eb50\" data-element_type=\"widget\" data-e-type=\"widget\" data-widget_type=\"icon-list.default\">\n\t\t\t\t<div class=\"elementor-widget-container\">\n\t\t\t\t\t\t\t<ul class=\"elementor-icon-list-items\">\n\t\t\t\t\t\t\t<li class=\"elementor-icon-list-item\">\n\t\t\t\t\t\t\t\t\t\t\t<span class=\"elementor-icon-list-icon\">\n\t\t\t\t\t\t\t<i aria-hidden=\"true\" class=\"fas fa-dot-circle\"><\/i>\t\t\t\t\t\t<\/span>\n\t\t\t\t\t\t\t\t\t\t<span class=\"elementor-icon-list-text\">Acquisition of immovable property worth \u20ac 500,000 or more (five hundred thousand euros);<\/span>\n\t\t\t\t\t\t\t\t\t<\/li>\n\t\t\t\t\t\t\t\t<li class=\"elementor-icon-list-item\">\n\t\t\t\t\t\t\t\t\t\t\t<span class=\"elementor-icon-list-icon\">\n\t\t\t\t\t\t\t<i aria-hidden=\"true\" class=\"fas fa-dot-circle\"><\/i>\t\t\t\t\t\t<\/span>\n\t\t\t\t\t\t\t\t\t\t<span class=\"elementor-icon-list-text\">Acquisition of immovable property, the construction of which has been completed for at least 30 years or located in an urban rehabilitation area and rehabilitation of real estate acquired, totaling \u20ac 350,000.00 or more (three hundred and fifty thousand euros);<\/span>\n\t\t\t\t\t\t\t\t\t<\/li>\n\t\t\t\t\t\t\t\t<li class=\"elementor-icon-list-item\">\n\t\t\t\t\t\t\t\t\t\t\t<span class=\"elementor-icon-list-icon\">\n\t\t\t\t\t\t\t<i aria-hidden=\"true\" class=\"fas fa-dot-circle\"><\/i>\t\t\t\t\t\t<\/span>\n\t\t\t\t\t\t\t\t\t\t<span class=\"elementor-icon-list-text\">Transfer of capital in an amount equal to or greater than 1 million euros;<\/span>\n\t\t\t\t\t\t\t\t\t<\/li>\n\t\t\t\t\t\t\t\t<li class=\"elementor-icon-list-item\">\n\t\t\t\t\t\t\t\t\t\t\t<span class=\"elementor-icon-list-icon\">\n\t\t\t\t\t\t\t<i aria-hidden=\"true\" class=\"fas fa-dot-circle\"><\/i>\t\t\t\t\t\t<\/span>\n\t\t\t\t\t\t\t\t\t\t<span class=\"elementor-icon-list-text\">Creation of at least 10 jobs.<\/span>\n\t\t\t\t\t\t\t\t\t<\/li>\n\t\t\t\t\t\t<\/ul>\n\t\t\t\t\t\t<\/div>\n\t\t\t\t<\/div>\n\t\t\t\t<div class=\"elementor-element elementor-element-8dc9211 elementor-widget elementor-widget-text-editor\" data-id=\"8dc9211\" data-element_type=\"widget\" data-e-type=\"widget\" data-widget_type=\"text-editor.default\">\n\t\t\t\t<div class=\"elementor-widget-container\">\n\t\t\t\t\t\t\t\t\t<p>In addition to the above-mentioned changes, it is also envisaged to include investment in\u00a0<strong>capital risk<\/strong>, cultural\u00a0<strong>production activities<\/strong>,\u00a0<strong>scientific research<\/strong>\u00a0and positive discrimination, by\u00a0<strong>reducing investment in low density and productivity territories by 20%<\/strong>.<\/p><p><b>Necessary documents:<\/b><\/p>\t\t\t\t\t\t\t\t<\/div>\n\t\t\t\t<\/div>\n\t\t\t\t<div class=\"elementor-element elementor-element-df45ecc elementor-icon-list--layout-traditional elementor-list-item-link-full_width elementor-widget elementor-widget-icon-list\" data-id=\"df45ecc\" data-element_type=\"widget\" data-e-type=\"widget\" data-widget_type=\"icon-list.default\">\n\t\t\t\t<div class=\"elementor-widget-container\">\n\t\t\t\t\t\t\t<ul class=\"elementor-icon-list-items\">\n\t\t\t\t\t\t\t<li class=\"elementor-icon-list-item\">\n\t\t\t\t\t\t\t\t\t\t\t<span class=\"elementor-icon-list-icon\">\n\t\t\t\t\t\t\t<i aria-hidden=\"true\" class=\"fas fa-check\"><\/i>\t\t\t\t\t\t<\/span>\n\t\t\t\t\t\t\t\t\t\t<span class=\"elementor-icon-list-text\">Valid passport;<\/span>\n\t\t\t\t\t\t\t\t\t<\/li>\n\t\t\t\t\t\t\t\t<li class=\"elementor-icon-list-item\">\n\t\t\t\t\t\t\t\t\t\t\t<span class=\"elementor-icon-list-icon\">\n\t\t\t\t\t\t\t<i aria-hidden=\"true\" class=\"fas fa-check\"><\/i>\t\t\t\t\t\t<\/span>\n\t\t\t\t\t\t\t\t\t\t<span class=\"elementor-icon-list-text\">Carrying a Schengen visa, if applicable, and regularizing the situation with the SEF within 90 days from the date of first entry into Portugal;<\/span>\n\t\t\t\t\t\t\t\t\t<\/li>\n\t\t\t\t\t\t\t\t<li class=\"elementor-icon-list-item\">\n\t\t\t\t\t\t\t\t\t\t\t<span class=\"elementor-icon-list-icon\">\n\t\t\t\t\t\t\t<i aria-hidden=\"true\" class=\"fas fa-check\"><\/i>\t\t\t\t\t\t<\/span>\n\t\t\t\t\t\t\t\t\t\t<span class=\"elementor-icon-list-text\">Criminal record of the country of origin or of the country where you have lived for more than one year;<\/span>\n\t\t\t\t\t\t\t\t\t<\/li>\n\t\t\t\t\t\t\t\t<li class=\"elementor-icon-list-item\">\n\t\t\t\t\t\t\t\t\t\t\t<span class=\"elementor-icon-list-icon\">\n\t\t\t\t\t\t\t<i aria-hidden=\"true\" class=\"fas fa-check\"><\/i>\t\t\t\t\t\t<\/span>\n\t\t\t\t\t\t\t\t\t\t<span class=\"elementor-icon-list-text\">Declaration to authorize consultation of the Portuguese criminal record;<\/span>\n\t\t\t\t\t\t\t\t\t<\/li>\n\t\t\t\t\t\t\t\t<li class=\"elementor-icon-list-item\">\n\t\t\t\t\t\t\t\t\t\t\t<span class=\"elementor-icon-list-icon\">\n\t\t\t\t\t\t\t<i aria-hidden=\"true\" class=\"fas fa-check\"><\/i>\t\t\t\t\t\t<\/span>\n\t\t\t\t\t\t\t\t\t\t<span class=\"elementor-icon-list-text\">Negative debt updated declaration issued by the Tax and Customs Authority and by the social security;<\/span>\n\t\t\t\t\t\t\t\t\t<\/li>\n\t\t\t\t\t\t\t\t<li class=\"elementor-icon-list-item\">\n\t\t\t\t\t\t\t\t\t\t\t<span class=\"elementor-icon-list-icon\">\n\t\t\t\t\t\t\t<i aria-hidden=\"true\" class=\"fas fa-check\"><\/i>\t\t\t\t\t\t<\/span>\n\t\t\t\t\t\t\t\t\t\t<span class=\"elementor-icon-list-text\">The declaration, under an honor commitment, by which the applicant certifies that it will fulfill the requirements of the investment activity in the national territory;<\/span>\n\t\t\t\t\t\t\t\t\t<\/li>\n\t\t\t\t\t\t\t\t<li class=\"elementor-icon-list-item\">\n\t\t\t\t\t\t\t\t\t\t\t<span class=\"elementor-icon-list-icon\">\n\t\t\t\t\t\t\t<i aria-hidden=\"true\" class=\"fas fa-check\"><\/i>\t\t\t\t\t\t<\/span>\n\t\t\t\t\t\t\t\t\t\t<span class=\"elementor-icon-list-text\">Health insurance.<\/span>\n\t\t\t\t\t\t\t\t\t<\/li>\n\t\t\t\t\t\t<\/ul>\n\t\t\t\t\t\t<\/div>\n\t\t\t\t<\/div>\n\t\t\t\t<div class=\"elementor-element elementor-element-187cfc8 elementor-widget elementor-widget-text-editor\" data-id=\"187cfc8\" data-element_type=\"widget\" data-e-type=\"widget\" data-widget_type=\"text-editor.default\">\n\t\t\t\t<div class=\"elementor-widget-container\">\n\t\t\t\t\t\t\t\t\t<p>For more information about the Golden Visa Programme in Portugal, please\u00a0contact us.<\/p>\t\t\t\t\t\t\t\t<\/div>\n\t\t\t\t<\/div>\n\t\t\t\t\t<\/div>\n\t\t<\/div>\n\t\t\t\t\t<\/div>\n\t\t<\/section>\n\t\t\t\t<\/div>\n\t\t","protected":false},"excerpt":{"rendered":"<p>Golden Visa Programme The\u00a0Golden Visa Programme\u00a0offers non-European citizens a\u00a0simple\u00a0and\u00a0fast\u00a0way to obtain a\u00a0five-year residence permit\u00a0and the possibility of applying for Portuguese nationality and, consequently, a European passport in the 6th year.\u00a0The Golden Visa\u00a0allows free movement in the Schengen area and is a great opportunity for third-country nationals to buy\u00a0holiday homes, make\u00a0financial investments, establish their businesses in [&hellip;]<\/p>\n","protected":false},"author":1,"featured_media":0,"parent":0,"menu_order":0,"comment_status":"closed","ping_status":"closed","template":"elementor_header_footer","meta":{"_monsterinsights_skip_tracking":false,"_monsterinsights_sitenote_active":false,"_monsterinsights_sitenote_note":"","_monsterinsights_sitenote_category":0,"footnotes":""},"class_list":["post-18769","page","type-page","status-publish","hentry"],"yoast_head":"<!-- This site is optimized with the Yoast SEO plugin v27.2 - https:\/\/yoast.com\/product\/yoast-seo-wordpress\/ -->\n<title>Golden Visa Programme - Lili Nobre<\/title>\n<meta name=\"robots\" content=\"index, follow, max-snippet:-1, max-image-preview:large, max-video-preview:-1\" \/>\n<link rel=\"canonical\" href=\"https:\/\/lnobrerealestate.pt\/en\/golden-visa-programme\/\" \/>\n<meta property=\"og:locale\" content=\"en_US\" \/>\n<meta property=\"og:type\" content=\"article\" \/>\n<meta property=\"og:title\" content=\"Golden Visa Programme - Lili Nobre\" \/>\n<meta property=\"og:description\" content=\"Golden Visa Programme The\u00a0Golden Visa Programme\u00a0offers non-European citizens a\u00a0simple\u00a0and\u00a0fast\u00a0way to obtain a\u00a0five-year residence permit\u00a0and the possibility of applying for Portuguese nationality and, consequently, a European passport in the 6th year.\u00a0The Golden Visa\u00a0allows free movement in the Schengen area and is a great opportunity for third-country nationals to buy\u00a0holiday homes, make\u00a0financial investments, establish their businesses in [&hellip;]\" \/>\n<meta property=\"og:url\" content=\"https:\/\/lnobrerealestate.pt\/en\/golden-visa-programme\/\" \/>\n<meta property=\"og:site_name\" content=\"Lili Nobre\" \/>\n<meta property=\"article:publisher\" content=\"https:\/\/www.facebook.com\/Lilinobremediacaoimobiliaria\" \/>\n<meta property=\"article:modified_time\" content=\"2023-10-31T17:15:51+00:00\" \/>\n<meta property=\"og:image\" content=\"http:\/\/lnobrerealestate.pt\/wp-content\/uploads\/2023\/06\/programa-vistos-gold.webp\" \/>\n<meta name=\"twitter:card\" content=\"summary_large_image\" \/>\n<meta name=\"twitter:label1\" content=\"Est. reading time\" \/>\n\t<meta name=\"twitter:data1\" content=\"2 minutes\" \/>\n<script type=\"application\/ld+json\" class=\"yoast-schema-graph\">{\"@context\":\"https:\/\/schema.org\",\"@graph\":[{\"@type\":\"WebPage\",\"@id\":\"https:\/\/lnobrerealestate.pt\/en\/golden-visa-programme\/\",\"url\":\"https:\/\/lnobrerealestate.pt\/en\/golden-visa-programme\/\",\"name\":\"Golden Visa Programme - Lili Nobre\",\"isPartOf\":{\"@id\":\"https:\/\/lnobrerealestate.pt\/en\/#website\"},\"primaryImageOfPage\":{\"@id\":\"https:\/\/lnobrerealestate.pt\/en\/golden-visa-programme\/#primaryimage\"},\"image\":{\"@id\":\"https:\/\/lnobrerealestate.pt\/en\/golden-visa-programme\/#primaryimage\"},\"thumbnailUrl\":\"http:\/\/lnobrerealestate.pt\/wp-content\/uploads\/2023\/06\/programa-vistos-gold.webp\",\"datePublished\":\"2023-06-07T15:37:07+00:00\",\"dateModified\":\"2023-10-31T17:15:51+00:00\",\"breadcrumb\":{\"@id\":\"https:\/\/lnobrerealestate.pt\/en\/golden-visa-programme\/#breadcrumb\"},\"inLanguage\":\"en-US\",\"potentialAction\":[{\"@type\":\"ReadAction\",\"target\":[\"https:\/\/lnobrerealestate.pt\/en\/golden-visa-programme\/\"]}]},{\"@type\":\"ImageObject\",\"inLanguage\":\"en-US\",\"@id\":\"https:\/\/lnobrerealestate.pt\/en\/golden-visa-programme\/#primaryimage\",\"url\":\"http:\/\/lnobrerealestate.pt\/wp-content\/uploads\/2023\/06\/programa-vistos-gold.webp\",\"contentUrl\":\"http:\/\/lnobrerealestate.pt\/wp-content\/uploads\/2023\/06\/programa-vistos-gold.webp\"},{\"@type\":\"BreadcrumbList\",\"@id\":\"https:\/\/lnobrerealestate.pt\/en\/golden-visa-programme\/#breadcrumb\",\"itemListElement\":[{\"@type\":\"ListItem\",\"position\":1,\"name\":\"In\u00edcio\",\"item\":\"https:\/\/lnobrerealestate.pt\/en\/home-default\/\"},{\"@type\":\"ListItem\",\"position\":2,\"name\":\"Golden Visa Programme\"}]},{\"@type\":\"WebSite\",\"@id\":\"https:\/\/lnobrerealestate.pt\/en\/#website\",\"url\":\"https:\/\/lnobrerealestate.pt\/en\/\",\"name\":\"Lili Nobre Imobili\u00e1rio\",\"description\":\"Ag\u00eancia Imobli\u00e1ria - Renting and selling properties in the Algarve\",\"potentialAction\":[{\"@type\":\"SearchAction\",\"target\":{\"@type\":\"EntryPoint\",\"urlTemplate\":\"https:\/\/lnobrerealestate.pt\/en\/?s={search_term_string}\"},\"query-input\":{\"@type\":\"PropertyValueSpecification\",\"valueRequired\":true,\"valueName\":\"search_term_string\"}}],\"inLanguage\":\"en-US\"}]}<\/script>\n<!-- \/ Yoast SEO plugin. -->","yoast_head_json":{"title":"Golden Visa Programme - Lili Nobre","robots":{"index":"index","follow":"follow","max-snippet":"max-snippet:-1","max-image-preview":"max-image-preview:large","max-video-preview":"max-video-preview:-1"},"canonical":"https:\/\/lnobrerealestate.pt\/en\/golden-visa-programme\/","og_locale":"en_US","og_type":"article","og_title":"Golden Visa Programme - Lili Nobre","og_description":"Golden Visa Programme The\u00a0Golden Visa Programme\u00a0offers non-European citizens a\u00a0simple\u00a0and\u00a0fast\u00a0way to obtain a\u00a0five-year residence permit\u00a0and the possibility of applying for Portuguese nationality and, consequently, a European passport in the 6th year.\u00a0The Golden Visa\u00a0allows free movement in the Schengen area and is a great opportunity for third-country nationals to buy\u00a0holiday homes, make\u00a0financial investments, establish their businesses in [&hellip;]","og_url":"https:\/\/lnobrerealestate.pt\/en\/golden-visa-programme\/","og_site_name":"Lili Nobre","article_publisher":"https:\/\/www.facebook.com\/Lilinobremediacaoimobiliaria","article_modified_time":"2023-10-31T17:15:51+00:00","og_image":[{"url":"http:\/\/lnobrerealestate.pt\/wp-content\/uploads\/2023\/06\/programa-vistos-gold.webp","type":"","width":"","height":""}],"twitter_card":"summary_large_image","twitter_misc":{"Est. reading time":"2 minutes"},"schema":{"@context":"https:\/\/schema.org","@graph":[{"@type":"WebPage","@id":"https:\/\/lnobrerealestate.pt\/en\/golden-visa-programme\/","url":"https:\/\/lnobrerealestate.pt\/en\/golden-visa-programme\/","name":"Golden Visa Programme - Lili Nobre","isPartOf":{"@id":"https:\/\/lnobrerealestate.pt\/en\/#website"},"primaryImageOfPage":{"@id":"https:\/\/lnobrerealestate.pt\/en\/golden-visa-programme\/#primaryimage"},"image":{"@id":"https:\/\/lnobrerealestate.pt\/en\/golden-visa-programme\/#primaryimage"},"thumbnailUrl":"http:\/\/lnobrerealestate.pt\/wp-content\/uploads\/2023\/06\/programa-vistos-gold.webp","datePublished":"2023-06-07T15:37:07+00:00","dateModified":"2023-10-31T17:15:51+00:00","breadcrumb":{"@id":"https:\/\/lnobrerealestate.pt\/en\/golden-visa-programme\/#breadcrumb"},"inLanguage":"en-US","potentialAction":[{"@type":"ReadAction","target":["https:\/\/lnobrerealestate.pt\/en\/golden-visa-programme\/"]}]},{"@type":"ImageObject","inLanguage":"en-US","@id":"https:\/\/lnobrerealestate.pt\/en\/golden-visa-programme\/#primaryimage","url":"http:\/\/lnobrerealestate.pt\/wp-content\/uploads\/2023\/06\/programa-vistos-gold.webp","contentUrl":"http:\/\/lnobrerealestate.pt\/wp-content\/uploads\/2023\/06\/programa-vistos-gold.webp"},{"@type":"BreadcrumbList","@id":"https:\/\/lnobrerealestate.pt\/en\/golden-visa-programme\/#breadcrumb","itemListElement":[{"@type":"ListItem","position":1,"name":"In\u00edcio","item":"https:\/\/lnobrerealestate.pt\/en\/home-default\/"},{"@type":"ListItem","position":2,"name":"Golden Visa Programme"}]},{"@type":"WebSite","@id":"https:\/\/lnobrerealestate.pt\/en\/#website","url":"https:\/\/lnobrerealestate.pt\/en\/","name":"Lili Nobre Imobili\u00e1rio","description":"Ag\u00eancia Imobli\u00e1ria - Renting and selling properties in the Algarve","potentialAction":[{"@type":"SearchAction","target":{"@type":"EntryPoint","urlTemplate":"https:\/\/lnobrerealestate.pt\/en\/?s={search_term_string}"},"query-input":{"@type":"PropertyValueSpecification","valueRequired":true,"valueName":"search_term_string"}}],"inLanguage":"en-US"}]}},"_links":{"self":[{"href":"https:\/\/lnobrerealestate.pt\/en\/wp-json\/wp\/v2\/pages\/18769","targetHints":{"allow":["GET"]}}],"collection":[{"href":"https:\/\/lnobrerealestate.pt\/en\/wp-json\/wp\/v2\/pages"}],"about":[{"href":"https:\/\/lnobrerealestate.pt\/en\/wp-json\/wp\/v2\/types\/page"}],"author":[{"embeddable":true,"href":"https:\/\/lnobrerealestate.pt\/en\/wp-json\/wp\/v2\/users\/1"}],"replies":[{"embeddable":true,"href":"https:\/\/lnobrerealestate.pt\/en\/wp-json\/wp\/v2\/comments?post=18769"}],"version-history":[{"count":5,"href":"https:\/\/lnobrerealestate.pt\/en\/wp-json\/wp\/v2\/pages\/18769\/revisions"}],"predecessor-version":[{"id":18789,"href":"https:\/\/lnobrerealestate.pt\/en\/wp-json\/wp\/v2\/pages\/18769\/revisions\/18789"}],"wp:attachment":[{"href":"https:\/\/lnobrerealestate.pt\/en\/wp-json\/wp\/v2\/media?parent=18769"}],"curies":[{"name":"wp","href":"https:\/\/api.w.org\/{rel}","templated":true}]}}