{"id":18767,"date":"2023-06-07T15:00:24","date_gmt":"2023-06-07T15:00:24","guid":{"rendered":"https:\/\/lnobrerealestate.pt\/lista-imoveis-para-venda\/"},"modified":"2023-10-31T17:02:59","modified_gmt":"2023-10-31T17:02:59","slug":"list-properties-for-sale","status":"publish","type":"page","link":"https:\/\/lnobrerealestate.pt\/en\/list-properties-for-sale\/","title":{"rendered":"List Properties for Sale"},"content":{"rendered":"\t\t<div data-elementor-type=\"wp-page\" data-elementor-id=\"18767\" class=\"elementor elementor-18767 elementor-17700\" data-elementor-post-type=\"page\">\n\t\t\t\t\t\t<section class=\"elementor-section elementor-top-section elementor-element elementor-element-5a48c7f6 elementor-section-full_width elementor-section-height-default elementor-section-height-default\" data-id=\"5a48c7f6\" data-element_type=\"section\" data-e-type=\"section\">\n\t\t\t\t\t\t<div class=\"elementor-container elementor-column-gap-wide\">\n\t\t\t\t\t<div class=\"elementor-column elementor-col-100 elementor-top-column elementor-element elementor-element-2adbf586\" data-id=\"2adbf586\" data-element_type=\"column\" data-e-type=\"column\">\n\t\t\t<div class=\"elementor-widget-wrap elementor-element-populated\">\n\t\t\t\t\t\t<div class=\"elementor-element elementor-element-40b4e55 elementor-widget elementor-widget-houzez_elementor_property-card-v2\" data-id=\"40b4e55\" data-element_type=\"widget\" data-e-type=\"widget\" data-widget_type=\"houzez_elementor_property-card-v2.default\">\n\t\t\t\t<div class=\"elementor-widget-container\">\n\t\t\t\t\t\t\t\r\n\t\t<div id=\"properties_module_section\" class=\"property-cards-module property-cards-module-v2 property-cards-module-2-cols\">\r\n\t\t\t<div id=\"module_properties\" class=\"listing-view grid-view card-deck \">\r\n\t\t\t\t<div class=\"col-lg-12\">\n\t<p class=\"mt-30 text-center\">\n\t\tNo listing found.\t<\/p>\n<\/div>\r\n\t\t\t<\/div><!-- listing-view -->\r\n\r\n\t\t\t\t\t\t\t<div id=\"fave-pagination-loadmore\" class=\"load-more-wrap mb-4 fave-load-more\">\r\n                    <a class=\"btn btn-primary-outlined btn-load-more\"  \r\n                    data-paged=\"2\" \r\n                    data-prop-limit=\"9\" \r\n                    data-card=\"item-v2\" \r\n                    data-type=\"\" \r\n                    data-status=\"venda\" \r\n                    data-state=\"\" \r\n                    data-city=\"\" \r\n                    data-country=\"\" \r\n                    data-area=\"\" \r\n                    data-label=\"\" \r\n                    data-user-role=\"\" \r\n                    data-featured-prop=\"\" \r\n                    data-offset=\"\"\r\n                    data-sortby=\"\"\r\n                    data-property_ids=\"\"\r\n                    data-min_price=\"\"\r\n                    data-max_price=\"\"\r\n                    data-min_beds=\"\"\r\n                    data-max_beds=\"\"\r\n                    data-min_baths=\"\"\r\n                    data-max_baths=\"\"\r\n                    data-agents=\"\"\r\n                    data-agencies=\"\"\r\n                    data-post_status=\"all\"\r\n                    href=\"#\">\r\n                    \t<span class=\"btn-loader houzez-loader-js\"><\/span>                    \tLoad More\t\t\r\n                    <\/a>               \r\n\t\t\t\t<\/div><!-- load-more-wrap -->\r\n\t\t\t\t\t<\/div><!-- property-grid-module -->\r\n\r\n\t\t\t\t\t\t<\/div>\n\t\t\t\t<\/div>\n\t\t\t\t\t<\/div>\n\t\t<\/div>\n\t\t\t\t\t<\/div>\n\t\t<\/section>\n\t\t\t\t<\/div>\n\t\t","protected":false},"excerpt":{"rendered":"<p>Venda 275,000\u20ac Venda Im\u00f3vel de 2 Quartos Moura Suites 275,000\u20ac Vilamoura 2 Quartos 1 Casa de banho Venda Vendido 135,000\u20ac Venda Vendido Quarteira \u2013 T1 Em Zona Residencial 135,000\u20ac Quarteira 1 Quarto 1 Casa de banho Venda 220,000\u20ac Venda Quarteira \u2013 Amplo Im\u00f3vel de 1 Quarto 220,000\u20ac Quarteira 1 Quarto 1 Casa de banho 64,9 [&hellip;]<\/p>\n","protected":false},"author":1,"featured_media":0,"parent":0,"menu_order":0,"comment_status":"closed","ping_status":"closed","template":"","meta":{"_monsterinsights_skip_tracking":false,"_monsterinsights_sitenote_active":false,"_monsterinsights_sitenote_note":"","_monsterinsights_sitenote_category":0,"footnotes":""},"class_list":["post-18767","page","type-page","status-publish","hentry"],"yoast_head":"<!-- This site is optimized with the Yoast SEO plugin v27.2 - https:\/\/yoast.com\/product\/yoast-seo-wordpress\/ -->\n<title>List Properties for Sale - Lili Nobre<\/title>\n<meta name=\"robots\" content=\"index, follow, max-snippet:-1, max-image-preview:large, max-video-preview:-1\" \/>\n<link rel=\"canonical\" href=\"https:\/\/lnobrerealestate.pt\/en\/list-properties-for-sale\/\" \/>\n<meta property=\"og:locale\" content=\"en_US\" \/>\n<meta property=\"og:type\" content=\"article\" \/>\n<meta property=\"og:title\" content=\"List Properties for Sale - Lili Nobre\" \/>\n<meta property=\"og:description\" content=\"Venda 275,000\u20ac Venda Im\u00f3vel de 2 Quartos Moura Suites 275,000\u20ac Vilamoura 2 Quartos 1 Casa de banho Venda Vendido 135,000\u20ac Venda Vendido Quarteira \u2013 T1 Em Zona Residencial 135,000\u20ac Quarteira 1 Quarto 1 Casa de banho Venda 220,000\u20ac Venda Quarteira \u2013 Amplo Im\u00f3vel de 1 Quarto 220,000\u20ac Quarteira 1 Quarto 1 Casa de banho 64,9 [&hellip;]\" \/>\n<meta property=\"og:url\" content=\"https:\/\/lnobrerealestate.pt\/en\/list-properties-for-sale\/\" \/>\n<meta property=\"og:site_name\" content=\"Lili Nobre\" \/>\n<meta property=\"article:publisher\" content=\"https:\/\/www.facebook.com\/Lilinobremediacaoimobiliaria\" \/>\n<meta property=\"article:modified_time\" content=\"2023-10-31T17:02:59+00:00\" \/>\n<meta property=\"og:image\" content=\"http:\/\/lnobrerealestate.pt\/wp-content\/uploads\/2016\/03\/IMG_20230126_124740-1170x648-1-1024x567.webp\" \/>\n<meta name=\"twitter:card\" content=\"summary_large_image\" \/>\n<meta name=\"twitter:label1\" content=\"Est. reading time\" \/>\n\t<meta name=\"twitter:data1\" content=\"2 minutes\" \/>\n<script type=\"application\/ld+json\" class=\"yoast-schema-graph\">{\"@context\":\"https:\/\/schema.org\",\"@graph\":[{\"@type\":\"WebPage\",\"@id\":\"https:\/\/lnobrerealestate.pt\/en\/list-properties-for-sale\/\",\"url\":\"https:\/\/lnobrerealestate.pt\/en\/list-properties-for-sale\/\",\"name\":\"List Properties for Sale - Lili Nobre\",\"isPartOf\":{\"@id\":\"https:\/\/lnobrerealestate.pt\/en\/#website\"},\"primaryImageOfPage\":{\"@id\":\"https:\/\/lnobrerealestate.pt\/en\/list-properties-for-sale\/#primaryimage\"},\"image\":{\"@id\":\"https:\/\/lnobrerealestate.pt\/en\/list-properties-for-sale\/#primaryimage\"},\"thumbnailUrl\":\"http:\/\/lnobrerealestate.pt\/wp-content\/uploads\/2016\/03\/IMG_20230126_124740-1170x648-1-1024x567.webp\",\"datePublished\":\"2023-06-07T15:00:24+00:00\",\"dateModified\":\"2023-10-31T17:02:59+00:00\",\"breadcrumb\":{\"@id\":\"https:\/\/lnobrerealestate.pt\/en\/list-properties-for-sale\/#breadcrumb\"},\"inLanguage\":\"en-US\",\"potentialAction\":[{\"@type\":\"ReadAction\",\"target\":[\"https:\/\/lnobrerealestate.pt\/en\/list-properties-for-sale\/\"]}]},{\"@type\":\"ImageObject\",\"inLanguage\":\"en-US\",\"@id\":\"https:\/\/lnobrerealestate.pt\/en\/list-properties-for-sale\/#primaryimage\",\"url\":\"http:\/\/lnobrerealestate.pt\/wp-content\/uploads\/2016\/03\/IMG_20230126_124740-1170x648-1-1024x567.webp\",\"contentUrl\":\"http:\/\/lnobrerealestate.pt\/wp-content\/uploads\/2016\/03\/IMG_20230126_124740-1170x648-1-1024x567.webp\"},{\"@type\":\"BreadcrumbList\",\"@id\":\"https:\/\/lnobrerealestate.pt\/en\/list-properties-for-sale\/#breadcrumb\",\"itemListElement\":[{\"@type\":\"ListItem\",\"position\":1,\"name\":\"In\u00edcio\",\"item\":\"https:\/\/lnobrerealestate.pt\/en\/home-default\/\"},{\"@type\":\"ListItem\",\"position\":2,\"name\":\"List Properties for Sale\"}]},{\"@type\":\"WebSite\",\"@id\":\"https:\/\/lnobrerealestate.pt\/en\/#website\",\"url\":\"https:\/\/lnobrerealestate.pt\/en\/\",\"name\":\"Lili Nobre Imobili\u00e1rio\",\"description\":\"Ag\u00eancia Imobli\u00e1ria - Renting and selling properties in the Algarve\",\"potentialAction\":[{\"@type\":\"SearchAction\",\"target\":{\"@type\":\"EntryPoint\",\"urlTemplate\":\"https:\/\/lnobrerealestate.pt\/en\/?s={search_term_string}\"},\"query-input\":{\"@type\":\"PropertyValueSpecification\",\"valueRequired\":true,\"valueName\":\"search_term_string\"}}],\"inLanguage\":\"en-US\"}]}<\/script>\n<!-- \/ Yoast SEO plugin. -->","yoast_head_json":{"title":"List Properties for Sale - Lili Nobre","robots":{"index":"index","follow":"follow","max-snippet":"max-snippet:-1","max-image-preview":"max-image-preview:large","max-video-preview":"max-video-preview:-1"},"canonical":"https:\/\/lnobrerealestate.pt\/en\/list-properties-for-sale\/","og_locale":"en_US","og_type":"article","og_title":"List Properties for Sale - Lili Nobre","og_description":"Venda 275,000\u20ac Venda Im\u00f3vel de 2 Quartos Moura Suites 275,000\u20ac Vilamoura 2 Quartos 1 Casa de banho Venda Vendido 135,000\u20ac Venda Vendido Quarteira \u2013 T1 Em Zona Residencial 135,000\u20ac Quarteira 1 Quarto 1 Casa de banho Venda 220,000\u20ac Venda Quarteira \u2013 Amplo Im\u00f3vel de 1 Quarto 220,000\u20ac Quarteira 1 Quarto 1 Casa de banho 64,9 [&hellip;]","og_url":"https:\/\/lnobrerealestate.pt\/en\/list-properties-for-sale\/","og_site_name":"Lili Nobre","article_publisher":"https:\/\/www.facebook.com\/Lilinobremediacaoimobiliaria","article_modified_time":"2023-10-31T17:02:59+00:00","og_image":[{"url":"http:\/\/lnobrerealestate.pt\/wp-content\/uploads\/2016\/03\/IMG_20230126_124740-1170x648-1-1024x567.webp","type":"","width":"","height":""}],"twitter_card":"summary_large_image","twitter_misc":{"Est. reading time":"2 minutes"},"schema":{"@context":"https:\/\/schema.org","@graph":[{"@type":"WebPage","@id":"https:\/\/lnobrerealestate.pt\/en\/list-properties-for-sale\/","url":"https:\/\/lnobrerealestate.pt\/en\/list-properties-for-sale\/","name":"List Properties for Sale - Lili Nobre","isPartOf":{"@id":"https:\/\/lnobrerealestate.pt\/en\/#website"},"primaryImageOfPage":{"@id":"https:\/\/lnobrerealestate.pt\/en\/list-properties-for-sale\/#primaryimage"},"image":{"@id":"https:\/\/lnobrerealestate.pt\/en\/list-properties-for-sale\/#primaryimage"},"thumbnailUrl":"http:\/\/lnobrerealestate.pt\/wp-content\/uploads\/2016\/03\/IMG_20230126_124740-1170x648-1-1024x567.webp","datePublished":"2023-06-07T15:00:24+00:00","dateModified":"2023-10-31T17:02:59+00:00","breadcrumb":{"@id":"https:\/\/lnobrerealestate.pt\/en\/list-properties-for-sale\/#breadcrumb"},"inLanguage":"en-US","potentialAction":[{"@type":"ReadAction","target":["https:\/\/lnobrerealestate.pt\/en\/list-properties-for-sale\/"]}]},{"@type":"ImageObject","inLanguage":"en-US","@id":"https:\/\/lnobrerealestate.pt\/en\/list-properties-for-sale\/#primaryimage","url":"http:\/\/lnobrerealestate.pt\/wp-content\/uploads\/2016\/03\/IMG_20230126_124740-1170x648-1-1024x567.webp","contentUrl":"http:\/\/lnobrerealestate.pt\/wp-content\/uploads\/2016\/03\/IMG_20230126_124740-1170x648-1-1024x567.webp"},{"@type":"BreadcrumbList","@id":"https:\/\/lnobrerealestate.pt\/en\/list-properties-for-sale\/#breadcrumb","itemListElement":[{"@type":"ListItem","position":1,"name":"In\u00edcio","item":"https:\/\/lnobrerealestate.pt\/en\/home-default\/"},{"@type":"ListItem","position":2,"name":"List Properties for Sale"}]},{"@type":"WebSite","@id":"https:\/\/lnobrerealestate.pt\/en\/#website","url":"https:\/\/lnobrerealestate.pt\/en\/","name":"Lili Nobre Imobili\u00e1rio","description":"Ag\u00eancia Imobli\u00e1ria - Renting and selling properties in the Algarve","potentialAction":[{"@type":"SearchAction","target":{"@type":"EntryPoint","urlTemplate":"https:\/\/lnobrerealestate.pt\/en\/?s={search_term_string}"},"query-input":{"@type":"PropertyValueSpecification","valueRequired":true,"valueName":"search_term_string"}}],"inLanguage":"en-US"}]}},"_links":{"self":[{"href":"https:\/\/lnobrerealestate.pt\/en\/wp-json\/wp\/v2\/pages\/18767","targetHints":{"allow":["GET"]}}],"collection":[{"href":"https:\/\/lnobrerealestate.pt\/en\/wp-json\/wp\/v2\/pages"}],"about":[{"href":"https:\/\/lnobrerealestate.pt\/en\/wp-json\/wp\/v2\/types\/page"}],"author":[{"embeddable":true,"href":"https:\/\/lnobrerealestate.pt\/en\/wp-json\/wp\/v2\/users\/1"}],"replies":[{"embeddable":true,"href":"https:\/\/lnobrerealestate.pt\/en\/wp-json\/wp\/v2\/comments?post=18767"}],"version-history":[{"count":1,"href":"https:\/\/lnobrerealestate.pt\/en\/wp-json\/wp\/v2\/pages\/18767\/revisions"}],"predecessor-version":[{"id":18768,"href":"https:\/\/lnobrerealestate.pt\/en\/wp-json\/wp\/v2\/pages\/18767\/revisions\/18768"}],"wp:attachment":[{"href":"https:\/\/lnobrerealestate.pt\/en\/wp-json\/wp\/v2\/media?parent=18767"}],"curies":[{"name":"wp","href":"https:\/\/api.w.org\/{rel}","templated":true}]}}