{"id":18744,"date":"2023-06-07T16:21:00","date_gmt":"2023-06-07T16:21:00","guid":{"rendered":"https:\/\/lnobrerealestate.pt\/compra-de-imovel\/"},"modified":"2023-11-02T12:54:08","modified_gmt":"2023-11-02T12:54:08","slug":"buying-process","status":"publish","type":"page","link":"https:\/\/lnobrerealestate.pt\/en\/buying-process\/","title":{"rendered":"Buying Process"},"content":{"rendered":"\t\t<div data-elementor-type=\"wp-page\" data-elementor-id=\"18744\" class=\"elementor elementor-18744 elementor-17754\" data-elementor-post-type=\"page\">\n\t\t\t\t\t\t<section class=\"elementor-section elementor-top-section elementor-element elementor-element-1dbf99e elementor-section-height-min-height elementor-section-boxed elementor-section-height-default elementor-section-items-middle\" data-id=\"1dbf99e\" data-element_type=\"section\" data-e-type=\"section\" data-settings=\"{&quot;background_background&quot;:&quot;classic&quot;}\">\n\t\t\t\t\t\t<div class=\"elementor-container elementor-column-gap-default\">\n\t\t\t\t\t<div class=\"elementor-column elementor-col-100 elementor-top-column elementor-element elementor-element-7b5e8fb\" data-id=\"7b5e8fb\" data-element_type=\"column\" data-e-type=\"column\">\n\t\t\t<div class=\"elementor-widget-wrap\">\n\t\t\t\t\t\t\t<\/div>\n\t\t<\/div>\n\t\t\t\t\t<\/div>\n\t\t<\/section>\n\t\t\t\t<section class=\"elementor-section elementor-top-section elementor-element elementor-element-143b79c elementor-section-boxed elementor-section-height-default elementor-section-height-default\" data-id=\"143b79c\" data-element_type=\"section\" data-e-type=\"section\">\n\t\t\t\t\t\t<div class=\"elementor-container elementor-column-gap-default\">\n\t\t\t\t\t<div class=\"elementor-column elementor-col-66 elementor-top-column elementor-element elementor-element-71c3af8\" data-id=\"71c3af8\" data-element_type=\"column\" data-e-type=\"column\">\n\t\t\t<div class=\"elementor-widget-wrap elementor-element-populated\">\n\t\t\t\t\t\t<div class=\"elementor-element elementor-element-d35b58b elementor-widget elementor-widget-houzez_elementor_section_title\" data-id=\"d35b58b\" data-element_type=\"widget\" data-e-type=\"widget\" data-widget_type=\"houzez_elementor_section_title.default\">\n\t\t\t\t<div class=\"elementor-widget-container\">\n\t\t\t\t\t            <div class=\"houzez_section_title_wrap section-title-module\">\n                                    <h2 class=\"houzez_section_title\">Buying Process<\/h2>\n                \n                            <\/div>\n            \t\t\t\t<\/div>\n\t\t\t\t<\/div>\n\t\t\t\t<div class=\"elementor-element elementor-element-76b700c elementor-widget elementor-widget-text-editor\" data-id=\"76b700c\" data-element_type=\"widget\" data-e-type=\"widget\" data-widget_type=\"text-editor.default\">\n\t\t\t\t<div class=\"elementor-widget-container\">\n\t\t\t\t\t\t\t\t\t<p>Buying a property requires careful preparation of the required documents and compliance with a series of procedures to ensure a successful transaction. We outline the main documents that must be provided as well as the most important steps in buying a property in Portugal by a foreign investor.<\/p><p>The purchasing process can be divided into four distinct phases:<\/p><p><strong>1st Stage \u2013 Obtaining and Analyzing the Documentation of the Property in question<\/strong><\/p><p>Having chosen the property to buy, it is advisable to hire a lawyer who can advise you throughout the process, review the property documents and visit the competent entities to obtain them:<\/p><p><strong>i) In the Finance Office:<\/strong><\/p>\t\t\t\t\t\t\t\t<\/div>\n\t\t\t\t<\/div>\n\t\t\t\t<div class=\"elementor-element elementor-element-977f619 elementor-icon-list--layout-traditional elementor-list-item-link-full_width elementor-widget elementor-widget-icon-list\" data-id=\"977f619\" data-element_type=\"widget\" data-e-type=\"widget\" data-widget_type=\"icon-list.default\">\n\t\t\t\t<div class=\"elementor-widget-container\">\n\t\t\t\t\t\t\t<ul class=\"elementor-icon-list-items\">\n\t\t\t\t\t\t\t<li class=\"elementor-icon-list-item\">\n\t\t\t\t\t\t\t\t\t\t\t<span class=\"elementor-icon-list-icon\">\n\t\t\t\t\t\t\t<i aria-hidden=\"true\" class=\"fas fa-dot-circle\"><\/i>\t\t\t\t\t\t<\/span>\n\t\t\t\t\t\t\t\t\t\t<span class=\"elementor-icon-list-text\">Verify that the property is properly registered on behalf of the seller and that it is free of any tax liability;<\/span>\n\t\t\t\t\t\t\t\t\t<\/li>\n\t\t\t\t\t\t\t\t<li class=\"elementor-icon-list-item\">\n\t\t\t\t\t\t\t\t\t\t\t<span class=\"elementor-icon-list-icon\">\n\t\t\t\t\t\t\t<i aria-hidden=\"true\" class=\"fas fa-dot-circle\"><\/i>\t\t\t\t\t\t<\/span>\n\t\t\t\t\t\t\t\t\t\t<span class=\"elementor-icon-list-text\">Check seller\u2019s solvency;<\/span>\n\t\t\t\t\t\t\t\t\t<\/li>\n\t\t\t\t\t\t\t\t<li class=\"elementor-icon-list-item\">\n\t\t\t\t\t\t\t\t\t\t\t<span class=\"elementor-icon-list-icon\">\n\t\t\t\t\t\t\t<i aria-hidden=\"true\" class=\"fas fa-dot-circle\"><\/i>\t\t\t\t\t\t<\/span>\n\t\t\t\t\t\t\t\t\t\t<span class=\"elementor-icon-list-text\">Obtain the land register that has the cadastral article number, the address of the property in question, the identification of the borders (north, south, east, west), description of the property, total area including floor area and built area, and the respective evaluation date;<\/span>\n\t\t\t\t\t\t\t\t\t<\/li>\n\t\t\t\t\t\t\t\t<li class=\"elementor-icon-list-item\">\n\t\t\t\t\t\t\t\t\t\t\t<span class=\"elementor-icon-list-icon\">\n\t\t\t\t\t\t\t<i aria-hidden=\"true\" class=\"fas fa-dot-circle\"><\/i>\t\t\t\t\t\t<\/span>\n\t\t\t\t\t\t\t\t\t\t<span class=\"elementor-icon-list-text\">The property value of the property is determined by the assessment made in accordance with the IMI (Municipal Property Tax) Code and is of crucial importance since it serves as the basis for calculating the municipal tax rate.<\/span>\n\t\t\t\t\t\t\t\t\t<\/li>\n\t\t\t\t\t\t<\/ul>\n\t\t\t\t\t\t<\/div>\n\t\t\t\t<\/div>\n\t\t\t\t<div class=\"elementor-element elementor-element-afbb281 elementor-widget elementor-widget-text-editor\" data-id=\"afbb281\" data-element_type=\"widget\" data-e-type=\"widget\" data-widget_type=\"text-editor.default\">\n\t\t\t\t<div class=\"elementor-widget-container\">\n\t\t\t\t\t\t\t\t\t<p><strong>ii) In the Land Registry:<\/strong><\/p><p>Obtain a property certificate \/ updated property. It is undoubtedly the most important document since, in addition to confirming in which name the property is registered, it also indicates the existence of possible burdens or charges to third parties, as well as if the property is subject to any type of mortgage , bondage, attachment or judicial process. It also confirms the address of the property, the areas and if these correspond to those that are reflected in the building register. It is still possible to obtain the legal history of the property, including details of previous owners, dates of purchase and sale, among others.\u00a0<\/p><p><strong>iii) At City Hall:<\/strong><\/p>\t\t\t\t\t\t\t\t<\/div>\n\t\t\t\t<\/div>\n\t\t\t\t\t<\/div>\n\t\t<\/div>\n\t\t\t\t<div class=\"elementor-column elementor-col-33 elementor-top-column elementor-element elementor-element-874c36d\" data-id=\"874c36d\" data-element_type=\"column\" data-e-type=\"column\">\n\t\t\t<div class=\"elementor-widget-wrap elementor-element-populated\">\n\t\t\t\t\t\t<div class=\"elementor-element elementor-element-d7674ad elementor-widget elementor-widget-image\" data-id=\"d7674ad\" data-element_type=\"widget\" data-e-type=\"widget\" data-widget_type=\"image.default\">\n\t\t\t\t<div class=\"elementor-widget-container\">\n\t\t\t\t\t\t\t\t\t\t\t\t\t\t\t<img fetchpriority=\"high\" decoding=\"async\" width=\"350\" height=\"450\" src=\"https:\/\/lnobrerealestate.pt\/wp-content\/uploads\/2023\/06\/compra-de-imovel.webp\" class=\"attachment-large size-large wp-image-18695\" alt=\"\" srcset=\"https:\/\/lnobrerealestate.pt\/wp-content\/uploads\/2023\/06\/compra-de-imovel.webp 350w, https:\/\/lnobrerealestate.pt\/wp-content\/uploads\/2023\/06\/compra-de-imovel-233x300.webp 233w\" sizes=\"(max-width: 350px) 100vw, 350px\" \/>\t\t\t\t\t\t\t\t\t\t\t\t\t\t\t<\/div>\n\t\t\t\t<\/div>\n\t\t\t\t\t<\/div>\n\t\t<\/div>\n\t\t\t\t\t<\/div>\n\t\t<\/section>\n\t\t\t\t<section class=\"elementor-section elementor-top-section elementor-element elementor-element-b6663c9 elementor-section-boxed elementor-section-height-default elementor-section-height-default\" data-id=\"b6663c9\" data-element_type=\"section\" data-e-type=\"section\">\n\t\t\t\t\t\t<div class=\"elementor-container elementor-column-gap-default\">\n\t\t\t\t\t<div class=\"elementor-column elementor-col-100 elementor-top-column elementor-element elementor-element-115ce64\" data-id=\"115ce64\" data-element_type=\"column\" data-e-type=\"column\">\n\t\t\t<div class=\"elementor-widget-wrap elementor-element-populated\">\n\t\t\t\t\t\t<div class=\"elementor-element elementor-element-a45c3da elementor-icon-list--layout-traditional elementor-list-item-link-full_width elementor-widget elementor-widget-icon-list\" data-id=\"a45c3da\" data-element_type=\"widget\" data-e-type=\"widget\" data-widget_type=\"icon-list.default\">\n\t\t\t\t<div class=\"elementor-widget-container\">\n\t\t\t\t\t\t\t<ul class=\"elementor-icon-list-items\">\n\t\t\t\t\t\t\t<li class=\"elementor-icon-list-item\">\n\t\t\t\t\t\t\t\t\t\t\t<span class=\"elementor-icon-list-icon\">\n\t\t\t\t\t\t\t<i aria-hidden=\"true\" class=\"fas fa-dot-circle\"><\/i>\t\t\t\t\t\t<\/span>\n\t\t\t\t\t\t\t\t\t\t<span class=\"elementor-icon-list-text\">Confirm that the property is properly licensed for its purpose (residential, commercial, services or other);<\/span>\n\t\t\t\t\t\t\t\t\t<\/li>\n\t\t\t\t\t\t\t\t<li class=\"elementor-icon-list-item\">\n\t\t\t\t\t\t\t\t\t\t\t<span class=\"elementor-icon-list-icon\">\n\t\t\t\t\t\t\t<i aria-hidden=\"true\" class=\"fas fa-dot-circle\"><\/i>\t\t\t\t\t\t<\/span>\n\t\t\t\t\t\t\t\t\t\t<span class=\"elementor-icon-list-text\">Obtain the dwelling license that identifies the holder of the dwelling, the file number and the building permit that gave rise to the housing permit and the identification of the respective architects and engineers involved in the construction of the property;<\/span>\n\t\t\t\t\t\t\t\t\t<\/li>\n\t\t\t\t\t\t\t\t<li class=\"elementor-icon-list-item\">\n\t\t\t\t\t\t\t\t\t\t\t<span class=\"elementor-icon-list-icon\">\n\t\t\t\t\t\t\t<i aria-hidden=\"true\" class=\"fas fa-dot-circle\"><\/i>\t\t\t\t\t\t<\/span>\n\t\t\t\t\t\t\t\t\t\t<span class=\"elementor-icon-list-text\">In the Chamber, the lawyer will also confirm the location of the building and any legal restrictions on construction, obtaining for that purpose the architectural plans (\u201cAs Built\u201d plants) \u2013 or certified copies \u2013 approved by the City Hall. constructed property is consistent with the submitted plants.<\/span>\n\t\t\t\t\t\t\t\t\t<\/li>\n\t\t\t\t\t\t<\/ul>\n\t\t\t\t\t\t<\/div>\n\t\t\t\t<\/div>\n\t\t\t\t<div class=\"elementor-element elementor-element-ff853eb elementor-icon-list--layout-traditional elementor-list-item-link-full_width elementor-widget elementor-widget-icon-list\" data-id=\"ff853eb\" data-element_type=\"widget\" data-e-type=\"widget\" data-widget_type=\"icon-list.default\">\n\t\t\t\t<div class=\"elementor-widget-container\">\n\t\t\t\t\t\t\t<ul class=\"elementor-icon-list-items\">\n\t\t\t\t\t\t\t<li class=\"elementor-icon-list-item\">\n\t\t\t\t\t\t\t\t\t\t\t<span class=\"elementor-icon-list-icon\">\n\t\t\t\t\t\t\t<i aria-hidden=\"true\" class=\"fas fa-dot-circle\"><\/i>\t\t\t\t\t\t<\/span>\n\t\t\t\t\t\t\t\t\t\t<span class=\"elementor-icon-list-text\">Verify that the property is properly registered on behalf of the seller and that it is free of any tax liability;<\/span>\n\t\t\t\t\t\t\t\t\t<\/li>\n\t\t\t\t\t\t\t\t<li class=\"elementor-icon-list-item\">\n\t\t\t\t\t\t\t\t\t\t\t<span class=\"elementor-icon-list-icon\">\n\t\t\t\t\t\t\t<i aria-hidden=\"true\" class=\"fas fa-dot-circle\"><\/i>\t\t\t\t\t\t<\/span>\n\t\t\t\t\t\t\t\t\t\t<span class=\"elementor-icon-list-text\">Check seller\u2019s solvency;<\/span>\n\t\t\t\t\t\t\t\t\t<\/li>\n\t\t\t\t\t\t\t\t<li class=\"elementor-icon-list-item\">\n\t\t\t\t\t\t\t\t\t\t\t<span class=\"elementor-icon-list-icon\">\n\t\t\t\t\t\t\t<i aria-hidden=\"true\" class=\"fas fa-dot-circle\"><\/i>\t\t\t\t\t\t<\/span>\n\t\t\t\t\t\t\t\t\t\t<span class=\"elementor-icon-list-text\">Obtain the land register that has the cadastral article number, the address of the property in question, the identification of the borders (north, south, east, west), description of the property, total area including floor area and built area, and the respective evaluation date;<\/span>\n\t\t\t\t\t\t\t\t\t<\/li>\n\t\t\t\t\t\t\t\t<li class=\"elementor-icon-list-item\">\n\t\t\t\t\t\t\t\t\t\t\t<span class=\"elementor-icon-list-icon\">\n\t\t\t\t\t\t\t<i aria-hidden=\"true\" class=\"fas fa-dot-circle\"><\/i>\t\t\t\t\t\t<\/span>\n\t\t\t\t\t\t\t\t\t\t<span class=\"elementor-icon-list-text\">The property value of the property is determined by the assessment made in accordance with the IMI (Municipal Property Tax) Code and is of crucial importance since it serves as the basis for calculating the municipal tax rate.<\/span>\n\t\t\t\t\t\t\t\t\t<\/li>\n\t\t\t\t\t\t<\/ul>\n\t\t\t\t\t\t<\/div>\n\t\t\t\t<\/div>\n\t\t\t\t<div class=\"elementor-element elementor-element-fb4bf1e elementor-widget elementor-widget-text-editor\" data-id=\"fb4bf1e\" data-element_type=\"widget\" data-e-type=\"widget\" data-widget_type=\"text-editor.default\">\n\t\t\t\t<div class=\"elementor-widget-container\">\n\t\t\t\t\t\t\t\t\t<p><strong>2nd Stage \u2013 Preparation of the Contract-Promise of Purchase and Sale (CPCV)<\/strong><\/p><p>After analyzing all the documentation of the property and preconditions and restrictions associated with the purchase of the same, the CPCV is elaborated. This is the agreement by which both parties \u2013 by mutual agreement or unilaterally \u2013 promise to sign a definitive future contract (deed). In this sense, the CPCV must reflect all the underlying conduct and obligations of the transaction (essential and accessory clauses, preliminary or precedent conditions that may have been established, price, payment terms and deadlines, signature date, guarantees, sanctions and all the conditions laid down \u2013 safeguarding the interests of both parties.<\/p><p><strong>3rd Stage \u2013 Finalizing the Purchase and Sale of Property (Deed)<\/strong><\/p><p>The definitive contract of purchase and sale \u2013 public deed \u2013 is usually executed in the notarial office but can also be executed by means of a particular document. This is a contract that allows the transfer of the property from one owner to another upon payment of the agreed price and has the following effects: (i) transfer the owner, (ii) establishes the obligation to pay the price.<\/p><p>The responsibility for completing the formalities and covering the related expenses lies with the person named for this in the promise to buy and sell. In the absence of such a clause, the seller is responsible for obtaining all the necessary documentation for signature of the office, except for documents whose responsibility falls on the buyer, such as: identification documents, powers of attorney and proof of payment of the Municipal Tax on the Onerous Transmission of Real Estate) and Stamp Tax \u2013 issued by the judicial authorities. The person responsible for the organization of the deed must inform the other party of the date, time and place by the agreed means or by any other means that guarantees an acknowledgment of receipt.<\/p><p>Documents normally required for the signature of a deed relating to an urban property include (i) Property Certificate containing the description of the property and proof of the right of the seller to sell it, (ii) proof of the land registry, (iv) Housing License (or use) or proof of exemption, (v) Housing Technical File when applicable, (vi) Energy Certificate and (vii) documents certifying the identity of the parties.<\/p><p><strong>4th Stage \u2013 Registration of Property Purchase<\/strong><\/p><p>After purchasing the property, it is necessary to inform the local Finance Bureau so that the new owner becomes responsible for the respective taxes and duties that are borne by the property. Such communication must be accompanied by a copy of the deed. It is also necessary to register the purchase at the Land Registry Office (your lawyer will deal with these issues).<\/p><p>Although not mandatory, we always recommend the use of a lawyer specializing in real estate law in order to streamline this whole process and ensure their interests.<\/p><div>For more information and clarifications, please\u00a0contact us.<\/div>\t\t\t\t\t\t\t\t<\/div>\n\t\t\t\t<\/div>\n\t\t\t\t\t<\/div>\n\t\t<\/div>\n\t\t\t\t\t<\/div>\n\t\t<\/section>\n\t\t\t\t<\/div>\n\t\t","protected":false},"excerpt":{"rendered":"<p>Buying Process Buying a property requires careful preparation of the required documents and compliance with a series of procedures to ensure a successful transaction. We outline the main documents that must be provided as well as the most important steps in buying a property in Portugal by a foreign investor. The purchasing process can be [&hellip;]<\/p>\n","protected":false},"author":1,"featured_media":0,"parent":0,"menu_order":0,"comment_status":"closed","ping_status":"closed","template":"elementor_header_footer","meta":{"_monsterinsights_skip_tracking":false,"_monsterinsights_sitenote_active":false,"_monsterinsights_sitenote_note":"","_monsterinsights_sitenote_category":0,"footnotes":""},"class_list":["post-18744","page","type-page","status-publish","hentry"],"yoast_head":"<!-- This site is optimized with the Yoast SEO plugin v27.2 - https:\/\/yoast.com\/product\/yoast-seo-wordpress\/ -->\n<title>Buying Process - Lili Nobre<\/title>\n<meta name=\"robots\" content=\"index, follow, max-snippet:-1, max-image-preview:large, max-video-preview:-1\" \/>\n<link rel=\"canonical\" href=\"https:\/\/lnobrerealestate.pt\/en\/buying-process\/\" \/>\n<meta property=\"og:locale\" content=\"en_US\" \/>\n<meta property=\"og:type\" content=\"article\" \/>\n<meta property=\"og:title\" content=\"Buying Process - Lili Nobre\" \/>\n<meta property=\"og:description\" content=\"Buying Process Buying a property requires careful preparation of the required documents and compliance with a series of procedures to ensure a successful transaction. We outline the main documents that must be provided as well as the most important steps in buying a property in Portugal by a foreign investor. The purchasing process can be [&hellip;]\" \/>\n<meta property=\"og:url\" content=\"https:\/\/lnobrerealestate.pt\/en\/buying-process\/\" \/>\n<meta property=\"og:site_name\" content=\"Lili Nobre\" \/>\n<meta property=\"article:publisher\" content=\"https:\/\/www.facebook.com\/Lilinobremediacaoimobiliaria\" \/>\n<meta property=\"article:modified_time\" content=\"2023-11-02T12:54:08+00:00\" \/>\n<meta property=\"og:image\" content=\"http:\/\/lnobrerealestate.pt\/wp-content\/uploads\/2023\/06\/compra-de-imovel.webp\" \/>\n<meta name=\"twitter:card\" content=\"summary_large_image\" \/>\n<meta name=\"twitter:label1\" content=\"Est. reading time\" \/>\n\t<meta name=\"twitter:data1\" content=\"5 minutes\" \/>\n<script type=\"application\/ld+json\" class=\"yoast-schema-graph\">{\"@context\":\"https:\/\/schema.org\",\"@graph\":[{\"@type\":\"WebPage\",\"@id\":\"https:\/\/lnobrerealestate.pt\/en\/buying-process\/\",\"url\":\"https:\/\/lnobrerealestate.pt\/en\/buying-process\/\",\"name\":\"Buying Process - Lili Nobre\",\"isPartOf\":{\"@id\":\"https:\/\/lnobrerealestate.pt\/en\/#website\"},\"primaryImageOfPage\":{\"@id\":\"https:\/\/lnobrerealestate.pt\/en\/buying-process\/#primaryimage\"},\"image\":{\"@id\":\"https:\/\/lnobrerealestate.pt\/en\/buying-process\/#primaryimage\"},\"thumbnailUrl\":\"http:\/\/lnobrerealestate.pt\/wp-content\/uploads\/2023\/06\/compra-de-imovel.webp\",\"datePublished\":\"2023-06-07T16:21:00+00:00\",\"dateModified\":\"2023-11-02T12:54:08+00:00\",\"breadcrumb\":{\"@id\":\"https:\/\/lnobrerealestate.pt\/en\/buying-process\/#breadcrumb\"},\"inLanguage\":\"en-US\",\"potentialAction\":[{\"@type\":\"ReadAction\",\"target\":[\"https:\/\/lnobrerealestate.pt\/en\/buying-process\/\"]}]},{\"@type\":\"ImageObject\",\"inLanguage\":\"en-US\",\"@id\":\"https:\/\/lnobrerealestate.pt\/en\/buying-process\/#primaryimage\",\"url\":\"http:\/\/lnobrerealestate.pt\/wp-content\/uploads\/2023\/06\/compra-de-imovel.webp\",\"contentUrl\":\"http:\/\/lnobrerealestate.pt\/wp-content\/uploads\/2023\/06\/compra-de-imovel.webp\"},{\"@type\":\"BreadcrumbList\",\"@id\":\"https:\/\/lnobrerealestate.pt\/en\/buying-process\/#breadcrumb\",\"itemListElement\":[{\"@type\":\"ListItem\",\"position\":1,\"name\":\"In\u00edcio\",\"item\":\"https:\/\/lnobrerealestate.pt\/en\/home-default\/\"},{\"@type\":\"ListItem\",\"position\":2,\"name\":\"Buying Process\"}]},{\"@type\":\"WebSite\",\"@id\":\"https:\/\/lnobrerealestate.pt\/en\/#website\",\"url\":\"https:\/\/lnobrerealestate.pt\/en\/\",\"name\":\"Lili Nobre Imobili\u00e1rio\",\"description\":\"Ag\u00eancia Imobli\u00e1ria - Renting and selling properties in the Algarve\",\"potentialAction\":[{\"@type\":\"SearchAction\",\"target\":{\"@type\":\"EntryPoint\",\"urlTemplate\":\"https:\/\/lnobrerealestate.pt\/en\/?s={search_term_string}\"},\"query-input\":{\"@type\":\"PropertyValueSpecification\",\"valueRequired\":true,\"valueName\":\"search_term_string\"}}],\"inLanguage\":\"en-US\"}]}<\/script>\n<!-- \/ Yoast SEO plugin. -->","yoast_head_json":{"title":"Buying Process - Lili Nobre","robots":{"index":"index","follow":"follow","max-snippet":"max-snippet:-1","max-image-preview":"max-image-preview:large","max-video-preview":"max-video-preview:-1"},"canonical":"https:\/\/lnobrerealestate.pt\/en\/buying-process\/","og_locale":"en_US","og_type":"article","og_title":"Buying Process - Lili Nobre","og_description":"Buying Process Buying a property requires careful preparation of the required documents and compliance with a series of procedures to ensure a successful transaction. We outline the main documents that must be provided as well as the most important steps in buying a property in Portugal by a foreign investor. The purchasing process can be [&hellip;]","og_url":"https:\/\/lnobrerealestate.pt\/en\/buying-process\/","og_site_name":"Lili Nobre","article_publisher":"https:\/\/www.facebook.com\/Lilinobremediacaoimobiliaria","article_modified_time":"2023-11-02T12:54:08+00:00","og_image":[{"url":"http:\/\/lnobrerealestate.pt\/wp-content\/uploads\/2023\/06\/compra-de-imovel.webp","type":"","width":"","height":""}],"twitter_card":"summary_large_image","twitter_misc":{"Est. reading time":"5 minutes"},"schema":{"@context":"https:\/\/schema.org","@graph":[{"@type":"WebPage","@id":"https:\/\/lnobrerealestate.pt\/en\/buying-process\/","url":"https:\/\/lnobrerealestate.pt\/en\/buying-process\/","name":"Buying Process - Lili Nobre","isPartOf":{"@id":"https:\/\/lnobrerealestate.pt\/en\/#website"},"primaryImageOfPage":{"@id":"https:\/\/lnobrerealestate.pt\/en\/buying-process\/#primaryimage"},"image":{"@id":"https:\/\/lnobrerealestate.pt\/en\/buying-process\/#primaryimage"},"thumbnailUrl":"http:\/\/lnobrerealestate.pt\/wp-content\/uploads\/2023\/06\/compra-de-imovel.webp","datePublished":"2023-06-07T16:21:00+00:00","dateModified":"2023-11-02T12:54:08+00:00","breadcrumb":{"@id":"https:\/\/lnobrerealestate.pt\/en\/buying-process\/#breadcrumb"},"inLanguage":"en-US","potentialAction":[{"@type":"ReadAction","target":["https:\/\/lnobrerealestate.pt\/en\/buying-process\/"]}]},{"@type":"ImageObject","inLanguage":"en-US","@id":"https:\/\/lnobrerealestate.pt\/en\/buying-process\/#primaryimage","url":"http:\/\/lnobrerealestate.pt\/wp-content\/uploads\/2023\/06\/compra-de-imovel.webp","contentUrl":"http:\/\/lnobrerealestate.pt\/wp-content\/uploads\/2023\/06\/compra-de-imovel.webp"},{"@type":"BreadcrumbList","@id":"https:\/\/lnobrerealestate.pt\/en\/buying-process\/#breadcrumb","itemListElement":[{"@type":"ListItem","position":1,"name":"In\u00edcio","item":"https:\/\/lnobrerealestate.pt\/en\/home-default\/"},{"@type":"ListItem","position":2,"name":"Buying Process"}]},{"@type":"WebSite","@id":"https:\/\/lnobrerealestate.pt\/en\/#website","url":"https:\/\/lnobrerealestate.pt\/en\/","name":"Lili Nobre Imobili\u00e1rio","description":"Ag\u00eancia Imobli\u00e1ria - Renting and selling properties in the Algarve","potentialAction":[{"@type":"SearchAction","target":{"@type":"EntryPoint","urlTemplate":"https:\/\/lnobrerealestate.pt\/en\/?s={search_term_string}"},"query-input":{"@type":"PropertyValueSpecification","valueRequired":true,"valueName":"search_term_string"}}],"inLanguage":"en-US"}]}},"_links":{"self":[{"href":"https:\/\/lnobrerealestate.pt\/en\/wp-json\/wp\/v2\/pages\/18744","targetHints":{"allow":["GET"]}}],"collection":[{"href":"https:\/\/lnobrerealestate.pt\/en\/wp-json\/wp\/v2\/pages"}],"about":[{"href":"https:\/\/lnobrerealestate.pt\/en\/wp-json\/wp\/v2\/types\/page"}],"author":[{"embeddable":true,"href":"https:\/\/lnobrerealestate.pt\/en\/wp-json\/wp\/v2\/users\/1"}],"replies":[{"embeddable":true,"href":"https:\/\/lnobrerealestate.pt\/en\/wp-json\/wp\/v2\/comments?post=18744"}],"version-history":[{"count":5,"href":"https:\/\/lnobrerealestate.pt\/en\/wp-json\/wp\/v2\/pages\/18744\/revisions"}],"predecessor-version":[{"id":18812,"href":"https:\/\/lnobrerealestate.pt\/en\/wp-json\/wp\/v2\/pages\/18744\/revisions\/18812"}],"wp:attachment":[{"href":"https:\/\/lnobrerealestate.pt\/en\/wp-json\/wp\/v2\/media?parent=18744"}],"curies":[{"name":"wp","href":"https:\/\/api.w.org\/{rel}","templated":true}]}}