{"id":18727,"date":"2023-06-07T16:12:27","date_gmt":"2023-06-07T16:12:27","guid":{"rendered":"https:\/\/lnobrerealestate.pt\/beneficios-fiscais\/"},"modified":"2023-10-31T16:11:33","modified_gmt":"2023-10-31T16:11:33","slug":"tax-benefits","status":"publish","type":"page","link":"https:\/\/lnobrerealestate.pt\/en\/tax-benefits\/","title":{"rendered":"Tax benefits"},"content":{"rendered":"\t\t<div data-elementor-type=\"wp-page\" data-elementor-id=\"18727\" class=\"elementor elementor-18727 elementor-17745\" data-elementor-post-type=\"page\">\n\t\t\t\t\t\t<section class=\"elementor-section elementor-top-section elementor-element elementor-element-f6c9161 elementor-section-height-min-height elementor-section-boxed elementor-section-height-default elementor-section-items-middle\" data-id=\"f6c9161\" data-element_type=\"section\" data-e-type=\"section\" data-settings=\"{&quot;background_background&quot;:&quot;classic&quot;}\">\n\t\t\t\t\t\t<div class=\"elementor-container elementor-column-gap-default\">\n\t\t\t\t\t<div class=\"elementor-column elementor-col-100 elementor-top-column elementor-element elementor-element-73de730\" data-id=\"73de730\" data-element_type=\"column\" data-e-type=\"column\">\n\t\t\t<div class=\"elementor-widget-wrap\">\n\t\t\t\t\t\t\t<\/div>\n\t\t<\/div>\n\t\t\t\t\t<\/div>\n\t\t<\/section>\n\t\t\t\t<section class=\"elementor-section elementor-top-section elementor-element elementor-element-623a3ca elementor-section-boxed elementor-section-height-default elementor-section-height-default\" data-id=\"623a3ca\" data-element_type=\"section\" data-e-type=\"section\">\n\t\t\t\t\t\t<div class=\"elementor-container elementor-column-gap-default\">\n\t\t\t\t\t<div class=\"elementor-column elementor-col-100 elementor-top-column elementor-element elementor-element-50ac374\" data-id=\"50ac374\" data-element_type=\"column\" data-e-type=\"column\">\n\t\t\t<div class=\"elementor-widget-wrap elementor-element-populated\">\n\t\t\t\t\t\t<div class=\"elementor-element elementor-element-7017b57 elementor-widget elementor-widget-houzez_elementor_section_title\" data-id=\"7017b57\" data-element_type=\"widget\" data-e-type=\"widget\" data-widget_type=\"houzez_elementor_section_title.default\">\n\t\t\t\t<div class=\"elementor-widget-container\">\n\t\t\t\t\t            <div class=\"houzez_section_title_wrap section-title-module\">\n                                    <h2 class=\"houzez_section_title\">Tax Benefits<\/h2>\n                \n                            <\/div>\n            \t\t\t\t<\/div>\n\t\t\t\t<\/div>\n\t\t\t\t<div class=\"elementor-element elementor-element-d9417ab elementor-widget elementor-widget-text-editor\" data-id=\"d9417ab\" data-element_type=\"widget\" data-e-type=\"widget\" data-widget_type=\"text-editor.default\">\n\t\t\t\t<div class=\"elementor-widget-container\">\n\t\t\t\t\t\t\t\t\t<p>In order to attract non-resident professionals and foreign pensioners to the country, Portugal created a tax regime for non-habitual residents. This scheme assumes an income rate is 20% for own and qualified employment and tax exemption for almost all income from foreign sources.<\/p><p>The combination of the\u00a0<a href=\"https:\/\/lnobrerealestate.pt\/en\/golden-visa-programme\/\">Golden Visa<\/a>\u00a0and the Non-Habitual Resident Regime makes Portugal a highly competitive place with a low tax burden and free movement within the EU.<\/p><p><strong>In order to qualify as an unusual tax resident, you need to fulfill the following requirements:<\/strong><\/p>\t\t\t\t\t\t\t\t<\/div>\n\t\t\t\t<\/div>\n\t\t\t\t<div class=\"elementor-element elementor-element-9ae4c40 elementor-icon-list--layout-traditional elementor-list-item-link-full_width elementor-widget elementor-widget-icon-list\" data-id=\"9ae4c40\" data-element_type=\"widget\" data-e-type=\"widget\" data-widget_type=\"icon-list.default\">\n\t\t\t\t<div class=\"elementor-widget-container\">\n\t\t\t\t\t\t\t<ul class=\"elementor-icon-list-items\">\n\t\t\t\t\t\t\t<li class=\"elementor-icon-list-item\">\n\t\t\t\t\t\t\t\t\t\t\t<span class=\"elementor-icon-list-icon\">\n\t\t\t\t\t\t\t<i aria-hidden=\"true\" class=\"fas fa-dot-circle\"><\/i>\t\t\t\t\t\t<\/span>\n\t\t\t\t\t\t\t\t\t\t<span class=\"elementor-icon-list-text\">To be a tax resident in Portugal:<\/span>\n\t\t\t\t\t\t\t\t\t<\/li>\n\t\t\t\t\t\t<\/ul>\n\t\t\t\t\t\t<\/div>\n\t\t\t\t<\/div>\n\t\t\t\t<div class=\"elementor-element elementor-element-f205694 elementor-widget elementor-widget-text-editor\" data-id=\"f205694\" data-element_type=\"widget\" data-e-type=\"widget\" data-widget_type=\"text-editor.default\">\n\t\t\t\t<div class=\"elementor-widget-container\">\n\t\t\t\t\t\t\t\t\t<p>A tax resident in Portugal, among others, who remains in Portuguese territory, in a given year, more than 183 days (followed or interpolated) or, who, having spent less time, has, on 31 December of that year, housing in Portugal. conditions which imply the intention to maintain and occupy it as a habitual residence.<\/p>\t\t\t\t\t\t\t\t<\/div>\n\t\t\t\t<\/div>\n\t\t\t\t<div class=\"elementor-element elementor-element-04f4bf0 elementor-icon-list--layout-traditional elementor-list-item-link-full_width elementor-widget elementor-widget-icon-list\" data-id=\"04f4bf0\" data-element_type=\"widget\" data-e-type=\"widget\" data-widget_type=\"icon-list.default\">\n\t\t\t\t<div class=\"elementor-widget-container\">\n\t\t\t\t\t\t\t<ul class=\"elementor-icon-list-items\">\n\t\t\t\t\t\t\t<li class=\"elementor-icon-list-item\">\n\t\t\t\t\t\t\t\t\t\t\t<span class=\"elementor-icon-list-icon\">\n\t\t\t\t\t\t\t<i aria-hidden=\"true\" class=\"fas fa-dot-circle\"><\/i>\t\t\t\t\t\t<\/span>\n\t\t\t\t\t\t\t\t\t\t<span class=\"elementor-icon-list-text\">Not to have been considered resident in Portuguese territory during the 5 previous antecedents to the application of the regime;<\/span>\n\t\t\t\t\t\t\t\t\t<\/li>\n\t\t\t\t\t\t<\/ul>\n\t\t\t\t\t\t<\/div>\n\t\t\t\t<\/div>\n\t\t\t\t<div class=\"elementor-element elementor-element-a18646a elementor-widget elementor-widget-text-editor\" data-id=\"a18646a\" data-element_type=\"widget\" data-e-type=\"widget\" data-widget_type=\"text-editor.default\">\n\t\t\t\t<div class=\"elementor-widget-container\">\n\t\t\t\t\t\t\t\t\t<p>The authorization of the non-habitual resident status must be followed by registration as a resident in Portugal, with a financial service or citizen\u2019s shop.<\/p><p>The individual considered a non-habitual resident earns the right to be taxed as such for a period of 10 consecutive years from the year of their registration as a resident in Portuguese Territory, having to fulfill the requirement of permanence every year.<\/p><p>For more information on the Fiscal Regime of Non-Habitual Residents, please\u00a0<a href=\"https:\/\/lnobrerealestate.pt\/contactos\/\">contact us<\/a>.<\/p><p>\u00a0<\/p>\t\t\t\t\t\t\t\t<\/div>\n\t\t\t\t<\/div>\n\t\t\t\t\t<\/div>\n\t\t<\/div>\n\t\t\t\t\t<\/div>\n\t\t<\/section>\n\t\t\t\t<\/div>\n\t\t","protected":false},"excerpt":{"rendered":"<p>Tax Benefits In order to attract non-resident professionals and foreign pensioners to the country, Portugal created a tax regime for non-habitual residents. This scheme assumes an income rate is 20% for own and qualified employment and tax exemption for almost all income from foreign sources. The combination of the\u00a0Golden Visa\u00a0and the Non-Habitual Resident Regime makes [&hellip;]<\/p>\n","protected":false},"author":1,"featured_media":0,"parent":0,"menu_order":0,"comment_status":"closed","ping_status":"closed","template":"elementor_header_footer","meta":{"_monsterinsights_skip_tracking":false,"_monsterinsights_sitenote_active":false,"_monsterinsights_sitenote_note":"","_monsterinsights_sitenote_category":0,"footnotes":""},"class_list":["post-18727","page","type-page","status-publish","hentry"],"yoast_head":"<!-- This site is optimized with the Yoast SEO plugin v27.2 - https:\/\/yoast.com\/product\/yoast-seo-wordpress\/ -->\n<title>Tax benefits<\/title>\n<meta name=\"robots\" content=\"index, follow, max-snippet:-1, max-image-preview:large, max-video-preview:-1\" \/>\n<link rel=\"canonical\" href=\"https:\/\/lnobrerealestate.pt\/en\/tax-benefits\/\" \/>\n<meta property=\"og:locale\" content=\"en_US\" \/>\n<meta property=\"og:type\" content=\"article\" \/>\n<meta property=\"og:title\" content=\"Tax benefits\" \/>\n<meta property=\"og:description\" content=\"Tax Benefits In order to attract non-resident professionals and foreign pensioners to the country, Portugal created a tax regime for non-habitual residents. This scheme assumes an income rate is 20% for own and qualified employment and tax exemption for almost all income from foreign sources. The combination of the\u00a0Golden Visa\u00a0and the Non-Habitual Resident Regime makes [&hellip;]\" \/>\n<meta property=\"og:url\" content=\"https:\/\/lnobrerealestate.pt\/en\/tax-benefits\/\" \/>\n<meta property=\"og:site_name\" content=\"Lili Nobre\" \/>\n<meta property=\"article:publisher\" content=\"https:\/\/www.facebook.com\/Lilinobremediacaoimobiliaria\" \/>\n<meta property=\"article:modified_time\" content=\"2023-10-31T16:11:33+00:00\" \/>\n<meta name=\"twitter:card\" content=\"summary_large_image\" \/>\n<meta name=\"twitter:label1\" content=\"Est. reading time\" \/>\n\t<meta name=\"twitter:data1\" content=\"2 minutes\" \/>\n<script type=\"application\/ld+json\" class=\"yoast-schema-graph\">{\"@context\":\"https:\/\/schema.org\",\"@graph\":[{\"@type\":\"WebPage\",\"@id\":\"https:\/\/lnobrerealestate.pt\/en\/tax-benefits\/\",\"url\":\"https:\/\/lnobrerealestate.pt\/en\/tax-benefits\/\",\"name\":\"Tax benefits\",\"isPartOf\":{\"@id\":\"https:\/\/lnobrerealestate.pt\/en\/#website\"},\"datePublished\":\"2023-06-07T16:12:27+00:00\",\"dateModified\":\"2023-10-31T16:11:33+00:00\",\"breadcrumb\":{\"@id\":\"https:\/\/lnobrerealestate.pt\/en\/tax-benefits\/#breadcrumb\"},\"inLanguage\":\"en-US\",\"potentialAction\":[{\"@type\":\"ReadAction\",\"target\":[\"https:\/\/lnobrerealestate.pt\/en\/tax-benefits\/\"]}]},{\"@type\":\"BreadcrumbList\",\"@id\":\"https:\/\/lnobrerealestate.pt\/en\/tax-benefits\/#breadcrumb\",\"itemListElement\":[{\"@type\":\"ListItem\",\"position\":1,\"name\":\"In\u00edcio\",\"item\":\"https:\/\/lnobrerealestate.pt\/en\/home-default\/\"},{\"@type\":\"ListItem\",\"position\":2,\"name\":\"Tax benefits\"}]},{\"@type\":\"WebSite\",\"@id\":\"https:\/\/lnobrerealestate.pt\/en\/#website\",\"url\":\"https:\/\/lnobrerealestate.pt\/en\/\",\"name\":\"Lili Nobre Imobili\u00e1rio\",\"description\":\"Ag\u00eancia Imobli\u00e1ria - Renting and selling properties in the Algarve\",\"potentialAction\":[{\"@type\":\"SearchAction\",\"target\":{\"@type\":\"EntryPoint\",\"urlTemplate\":\"https:\/\/lnobrerealestate.pt\/en\/?s={search_term_string}\"},\"query-input\":{\"@type\":\"PropertyValueSpecification\",\"valueRequired\":true,\"valueName\":\"search_term_string\"}}],\"inLanguage\":\"en-US\"}]}<\/script>\n<!-- \/ Yoast SEO plugin. -->","yoast_head_json":{"title":"Tax benefits","robots":{"index":"index","follow":"follow","max-snippet":"max-snippet:-1","max-image-preview":"max-image-preview:large","max-video-preview":"max-video-preview:-1"},"canonical":"https:\/\/lnobrerealestate.pt\/en\/tax-benefits\/","og_locale":"en_US","og_type":"article","og_title":"Tax benefits","og_description":"Tax Benefits In order to attract non-resident professionals and foreign pensioners to the country, Portugal created a tax regime for non-habitual residents. This scheme assumes an income rate is 20% for own and qualified employment and tax exemption for almost all income from foreign sources. The combination of the\u00a0Golden Visa\u00a0and the Non-Habitual Resident Regime makes [&hellip;]","og_url":"https:\/\/lnobrerealestate.pt\/en\/tax-benefits\/","og_site_name":"Lili Nobre","article_publisher":"https:\/\/www.facebook.com\/Lilinobremediacaoimobiliaria","article_modified_time":"2023-10-31T16:11:33+00:00","twitter_card":"summary_large_image","twitter_misc":{"Est. reading time":"2 minutes"},"schema":{"@context":"https:\/\/schema.org","@graph":[{"@type":"WebPage","@id":"https:\/\/lnobrerealestate.pt\/en\/tax-benefits\/","url":"https:\/\/lnobrerealestate.pt\/en\/tax-benefits\/","name":"Tax benefits","isPartOf":{"@id":"https:\/\/lnobrerealestate.pt\/en\/#website"},"datePublished":"2023-06-07T16:12:27+00:00","dateModified":"2023-10-31T16:11:33+00:00","breadcrumb":{"@id":"https:\/\/lnobrerealestate.pt\/en\/tax-benefits\/#breadcrumb"},"inLanguage":"en-US","potentialAction":[{"@type":"ReadAction","target":["https:\/\/lnobrerealestate.pt\/en\/tax-benefits\/"]}]},{"@type":"BreadcrumbList","@id":"https:\/\/lnobrerealestate.pt\/en\/tax-benefits\/#breadcrumb","itemListElement":[{"@type":"ListItem","position":1,"name":"In\u00edcio","item":"https:\/\/lnobrerealestate.pt\/en\/home-default\/"},{"@type":"ListItem","position":2,"name":"Tax benefits"}]},{"@type":"WebSite","@id":"https:\/\/lnobrerealestate.pt\/en\/#website","url":"https:\/\/lnobrerealestate.pt\/en\/","name":"Lili Nobre Imobili\u00e1rio","description":"Ag\u00eancia Imobli\u00e1ria - Renting and selling properties in the Algarve","potentialAction":[{"@type":"SearchAction","target":{"@type":"EntryPoint","urlTemplate":"https:\/\/lnobrerealestate.pt\/en\/?s={search_term_string}"},"query-input":{"@type":"PropertyValueSpecification","valueRequired":true,"valueName":"search_term_string"}}],"inLanguage":"en-US"}]}},"_links":{"self":[{"href":"https:\/\/lnobrerealestate.pt\/en\/wp-json\/wp\/v2\/pages\/18727","targetHints":{"allow":["GET"]}}],"collection":[{"href":"https:\/\/lnobrerealestate.pt\/en\/wp-json\/wp\/v2\/pages"}],"about":[{"href":"https:\/\/lnobrerealestate.pt\/en\/wp-json\/wp\/v2\/types\/page"}],"author":[{"embeddable":true,"href":"https:\/\/lnobrerealestate.pt\/en\/wp-json\/wp\/v2\/users\/1"}],"replies":[{"embeddable":true,"href":"https:\/\/lnobrerealestate.pt\/en\/wp-json\/wp\/v2\/comments?post=18727"}],"version-history":[{"count":5,"href":"https:\/\/lnobrerealestate.pt\/en\/wp-json\/wp\/v2\/pages\/18727\/revisions"}],"predecessor-version":[{"id":18737,"href":"https:\/\/lnobrerealestate.pt\/en\/wp-json\/wp\/v2\/pages\/18727\/revisions\/18737"}],"wp:attachment":[{"href":"https:\/\/lnobrerealestate.pt\/en\/wp-json\/wp\/v2\/media?parent=18727"}],"curies":[{"name":"wp","href":"https:\/\/api.w.org\/{rel}","templated":true}]}}